{"id":169,"date":"2026-01-02T17:44:11","date_gmt":"2026-01-02T17:44:11","guid":{"rendered":"https:\/\/artigasgraciaabogados.com\/?page_id=169"},"modified":"2026-03-23T15:53:28","modified_gmt":"2026-03-23T15:53:28","slug":"derecho-civil","status":"publish","type":"page","link":"https:\/\/artigasgraciaabogados.com\/index.php\/abogados-zaragoza-especialidades\/derecho-civil\/","title":{"rendered":"Derecho civil"},"content":{"rendered":"\n<div class=\"wp-block-group alignfull is-layout-constrained wp-block-group-is-layout-constrained\">\n<div class=\"wp-block-group alignfull is-content-justification-space-between is-layout-flex wp-container-core-group-is-layout-a4f0df5d wp-block-group-is-layout-flex\" style=\"padding-top:var(--wp--preset--spacing--30);padding-right:var(--wp--preset--spacing--30);padding-bottom:var(--wp--preset--spacing--30);padding-left:var(--wp--preset--spacing--30)\">\n<div class=\"wp-block-group is-layout-flex wp-container-core-group-is-layout-7a92790e wp-block-group-is-layout-flex\">\n<div class=\"wp-block-group is-vertical is-layout-flex wp-container-core-group-is-layout-30a70405 wp-block-group-is-layout-flex\"><\/div>\n<\/div>\n\n\n<nav class=\"is-responsive items-justified-right wp-block-navigation is-content-justification-right is-layout-flex wp-container-core-navigation-is-layout-f665d2b5 wp-block-navigation-is-layout-flex\" aria-label=\"Navigation\" \n\t\t data-wp-interactive=\"core\/navigation\" data-wp-context='{\"overlayOpenedBy\":{\"click\":false,\"hover\":false,\"focus\":false},\"type\":\"overlay\",\"roleAttribute\":\"\",\"ariaLabel\":\"Men\\u00fa\"}'><button aria-haspopup=\"dialog\" aria-label=\"Abrir el men\u00fa\" class=\"wp-block-navigation__responsive-container-open\" \n\t\t\t\tdata-wp-on--click=\"actions.openMenuOnClick\"\n\t\t\t\tdata-wp-on--keydown=\"actions.handleMenuKeydown\"\n\t\t\t><svg width=\"24\" height=\"24\" xmlns=\"http:\/\/www.w3.org\/2000\/svg\" viewBox=\"0 0 24 24\" aria-hidden=\"true\" focusable=\"false\"><path d=\"M4 7.5h16v1.5H4z\"><\/path><path d=\"M4 15h16v1.5H4z\"><\/path><\/svg><\/button>\n\t\t\t\t<div class=\"wp-block-navigation__responsive-container\"  id=\"modal-1\" \n\t\t\t\tdata-wp-class--has-modal-open=\"state.isMenuOpen\"\n\t\t\t\tdata-wp-class--is-menu-open=\"state.isMenuOpen\"\n\t\t\t\tdata-wp-watch=\"callbacks.initMenu\"\n\t\t\t\tdata-wp-on--keydown=\"actions.handleMenuKeydown\"\n\t\t\t\tdata-wp-on--focusout=\"actions.handleMenuFocusout\"\n\t\t\t\ttabindex=\"-1\"\n\t\t\t>\n\t\t\t\t\t<div class=\"wp-block-navigation__responsive-close\" tabindex=\"-1\">\n\t\t\t\t\t\t<div class=\"wp-block-navigation__responsive-dialog\" \n\t\t\t\tdata-wp-bind--aria-modal=\"state.ariaModal\"\n\t\t\t\tdata-wp-bind--aria-label=\"state.ariaLabel\"\n\t\t\t\tdata-wp-bind--role=\"state.roleAttribute\"\n\t\t\t>\n\t\t\t\t\t\t\t<button aria-label=\"Cerrar el men\u00fa\" class=\"wp-block-navigation__responsive-container-close\" \n\t\t\t\tdata-wp-on--click=\"actions.closeMenuOnClick\"\n\t\t\t><svg xmlns=\"http:\/\/www.w3.org\/2000\/svg\" viewBox=\"0 0 24 24\" width=\"24\" height=\"24\" aria-hidden=\"true\" focusable=\"false\"><path d=\"m13.06 12 6.47-6.47-1.06-1.06L12 10.94 5.53 4.47 4.47 5.53 10.94 12l-6.47 6.47 1.06 1.06L12 13.06l6.47 6.47 1.06-1.06L13.06 12Z\"><\/path><\/svg><\/button>\n\t\t\t\t\t\t\t<div class=\"wp-block-navigation__responsive-container-content\" \n\t\t\t\tdata-wp-watch=\"callbacks.focusFirstElement\"\n\t\t\t id=\"modal-1-content\">\n\t\t\t\t\t\t\t\t\n\t\t\t\t\t\t\t<\/div>\n\t\t\t\t\t\t<\/div>\n\t\t\t\t\t<\/div>\n\t\t\t\t<\/div><\/nav><\/div>\n\n\n\n<div class=\"wp-block-cover alignwide has-aspect-ratio\" style=\"margin-top:0;min-height:40vw;aspect-ratio:16\/9;min-height:unset;\"><img loading=\"lazy\" decoding=\"async\" width=\"1024\" height=\"683\" class=\"wp-block-cover__image-background wp-image-178 size-large\" alt=\"\" src=\"https:\/\/artigasgraciaabogados.com\/wp-content\/uploads\/2026\/01\/ChatGPT-Image-20-ene-2026-18_07_26-1024x683.png\" style=\"object-position:48% 49%\" data-object-fit=\"cover\" data-object-position=\"48% 49%\" srcset=\"https:\/\/artigasgraciaabogados.com\/wp-content\/uploads\/2026\/01\/ChatGPT-Image-20-ene-2026-18_07_26-1024x683.png 1024w, https:\/\/artigasgraciaabogados.com\/wp-content\/uploads\/2026\/01\/ChatGPT-Image-20-ene-2026-18_07_26-300x200.png 300w, https:\/\/artigasgraciaabogados.com\/wp-content\/uploads\/2026\/01\/ChatGPT-Image-20-ene-2026-18_07_26-768x512.png 768w, https:\/\/artigasgraciaabogados.com\/wp-content\/uploads\/2026\/01\/ChatGPT-Image-20-ene-2026-18_07_26.png 1536w\" sizes=\"auto, (max-width: 1024px) 100vw, 1024px\" \/><span aria-hidden=\"true\" class=\"wp-block-cover__background has-black-background-color has-background-dim-60 has-background-dim\"><\/span><div class=\"wp-block-cover__inner-container is-layout-flow wp-container-core-cover-is-layout-aa265697 wp-block-cover-is-layout-flow\">\n<p class=\"has-text-align-center has-ast-global-color-4-color has-text-color has-link-color wp-elements-a9cc1d3c0ee72f12f30eece69f2fb405\" style=\"border-style:none;border-width:0px;margin-top:0;margin-right:var(--wp--preset--spacing--80);margin-bottom:0;margin-left:var(--wp--preset--spacing--80)\">El Derecho Civil regula muchos de los conflictos y gestiones del d\u00eda a d\u00eda: contratos, reclamaciones, responsabilidad por da\u00f1os o conflictos entre particulares. En Artigas Gracia Abogados asesoramos y defendemos a particulares y empresas en Zaragoza y en todo Arag\u00f3n, buscando soluciones eficaces, con criterio jur\u00eddico y visi\u00f3n pr\u00e1ctica.<\/p>\n<\/div><\/div>\n<\/div>\n\n\n\n<p class=\"has-medium-font-size\"><strong>\u00bfQU\u00c9 PUEDES ESPERAR DE NUESTRO EQUIPO?<\/strong><\/p>\n\n\n\n<ul style=\"margin-top:var(--wp--preset--spacing--20);margin-bottom:var(--wp--preset--spacing--20)\" class=\"wp-block-list has-ast-global-color-1-background-color has-background\">\n<li class=\"has-ast-global-color-3-color has-text-color has-link-color wp-elements-91f21268e6572ab1f13d023ccf2f5487\"><strong>Soluciones personalizadas y eficaces:<\/strong> estudiamos tu situaci\u00f3n y planteamos una estrategia adaptada a tu objetivo.<br><\/li>\n\n\n\n<li><strong>Atenci\u00f3n cercana y profesional:<\/strong> trato accesible y transparente, con acompa\u00f1amiento durante todo el proceso.<br><\/li>\n\n\n\n<li><strong>Experiencia en Derecho Civil:<\/strong> trabajamos con solvencia en conflictos entre particulares y en situaciones que afectan a familias y patrimonio.<\/li>\n<\/ul>\n\n\n\n<p class=\"has-text-align-left has-ast-global-color-4-color has-ast-global-color-3-background-color has-text-color has-background has-link-color wp-elements-aff983a9a009f46f5f9190bf8ae1cc00\" style=\"border-top-left-radius:100px;border-top-right-radius:100px;border-bottom-left-radius:100px;border-bottom-right-radius:100px;margin-top:70px;margin-bottom:0px\"><strong>PRINCIPALES PROBLEMAS CIVILES QUE RESOLVEMOS:<\/strong><\/p>\n\n\n\n<ul class=\"wp-block-list\">\n<li><strong>Herencias y sucesiones:<\/strong> desacuerdos entre herederos, aceptaci\u00f3n o reparto de herencia e impugnaci\u00f3n de testamentos.<br><\/li>\n\n\n\n<li><strong>Arrendamientos:<\/strong> impagos, recuperaci\u00f3n de vivienda, incumplimientos de contrato y desahucios.<br><\/li>\n\n\n\n<li><strong>Comunidades de propietarios:<\/strong> obras no autorizadas, impago de cuotas, uso indebido de zonas comunes o conflictos por plazas de garaje.<br><\/li>\n\n\n\n<li><strong>Reclamaciones de cantidad y contratos incumplidos:<\/strong> impagos de clientes o proveedores, entregas defectuosas y vicios de construcci\u00f3n en contratos de obra.<br><\/li>\n\n\n\n<li><strong>Conflictos familiares:<\/strong> separaciones, divorcios, custodia y reparto de bienes en liquidaciones.<br><\/li>\n\n\n\n<li><strong>Limitaci\u00f3n de capacidad y tutelas:<\/strong> procedimientos de incapacitaci\u00f3n y conflictos por nombramiento o sustituci\u00f3n de tutor.<\/li>\n<\/ul>\n\n\n\n<p class=\"has-ast-global-color-5-color has-ast-global-color-3-background-color has-text-color has-background has-link-color has-medium-font-size wp-elements-57730d052ee7c11977cfd4601fcd1d25\" style=\"border-top-left-radius:100px;border-top-right-radius:100px;border-bottom-left-radius:100px;border-bottom-right-radius:100px;margin-top:var(--wp--preset--spacing--80)\"><strong>SERVICIOS QUE OFRECEMOS<\/strong><\/p>\n\n\n\n<details class=\"wp-block-details is-layout-flow wp-block-details-is-layout-flow\" style=\"border-width:1px\"><summary><strong>Propiedad y copropiedad:<\/strong><\/summary>\n<p class=\"has-ast-global-color-4-background-color has-background\" style=\"font-size:15px\">Reclamaciones de propiedad, deslindes, extinci\u00f3n de copropiedad y conflictos entre copropietarios.<\/p>\n<\/details>\n\n\n\n<details class=\"wp-block-details is-layout-flow wp-block-details-is-layout-flow\"><summary><strong><strong>Propiedad horizontal y comunidades:<\/strong> y copropiedad:<\/strong><\/summary>\n<p class=\"has-ast-global-color-4-background-color has-background\" style=\"font-size:15px\">Cuotas, obras, garajes y cuestiones vinculadas a la gesti\u00f3n de juntas.<\/p>\n<\/details>\n\n\n\n<details class=\"wp-block-details is-layout-flow wp-block-details-is-layout-flow\" style=\"border-width:1px\"><summary><strong><strong>Contratos y reclamaciones<\/strong>:<\/strong><\/summary>\n<p class=\"has-ast-global-color-4-background-color has-background\" style=\"font-size:15px\">Redacci\u00f3n de contratos civiles y mercantiles, reclamaciones de cantidad, incumplimientos y vicios de construcci\u00f3n.<\/p>\n<\/details>\n\n\n\n<details class=\"wp-block-details is-layout-flow wp-block-details-is-layout-flow\" style=\"border-width:1px\"><summary><strong><strong>Arrendamientos y desahucios:<\/strong><\/strong><\/summary>\n<p class=\"has-ast-global-color-4-background-color has-background\" style=\"font-size:15px\">Asesoramiento integral en alquileres de vivienda o local (derechos, obligaciones, pr\u00f3rrogas y procedimiento de desahucio).<\/p>\n<\/details>\n\n\n\n<details class=\"wp-block-details is-layout-flow wp-block-details-is-layout-flow\" style=\"border-width:1px\"><summary><strong><strong>Derecho sucesorio y herencias<\/strong><\/strong><\/summary>\n<p class=\"has-ast-global-color-4-background-color has-background\" style=\"font-size:15px\">Aceptaci\u00f3n o repudiaci\u00f3n, sucesi\u00f3n leg\u00edtima o intestada, usufructo viudal, partici\u00f3n y conflictos entre herederos.<\/p>\n<\/details>\n\n\n\n<details class=\"wp-block-details is-layout-flow wp-block-details-is-layout-flow\" style=\"border-width:1px\"><summary><strong><strong>Personas y capacidad jur\u00eddica<\/strong><\/strong><\/summary>\n<p class=\"has-ast-global-color-4-background-color has-background\" style=\"font-size:15px\">Incapacitaci\u00f3n y procedimientos vinculados al nombramiento o revocaci\u00f3n de tutor.<\/p>\n<\/details>\n\n\n\n<p class=\"has-text-align-center\" style=\"margin-top:var(--wp--preset--spacing--80)\"><strong>\u00bfPOR QU\u00c9 CONTAR CON UN ABOGADO CIVIL?<\/strong><\/p>\n\n\n\n<pre class=\"wp-block-verse has-text-align-center has-ast-global-color-4-color has-ast-global-color-3-background-color has-text-color has-background has-link-color wp-elements-f825e8aff9983340f47348d0053100d0\" style=\"margin-top:0\"><br>\"Aportamos conocimiento especializado para interpretar y aplicar correctamente la normativa y defender tus intereses, trabajamos desde la prevenci\u00f3n con contratos claros, negociaci\u00f3n y anticipaci\u00f3n de problemas para reducir riesgos y costes, y actuamos con firmeza tanto por v\u00eda extrajudicial como, cuando es necesario, en sede judicial. Adem\u00e1s, te ayudamos a ahorrar tiempo y tranquilidad evitando tr\u00e1mites innecesarios y minimizando errores que podr\u00edan complicar el proceso.\"<br><br><strong>Artigas Gracia Abogados<\/strong><br><\/pre>\n\n\n\n<div class=\"wp-block-buttons is-content-justification-center is-layout-flex wp-container-core-buttons-is-layout-4b00169a wp-block-buttons-is-layout-flex\" style=\"padding-top:var(--wp--preset--spacing--60);padding-bottom:var(--wp--preset--spacing--60)\">\n<div class=\"wp-block-button\"><a class=\"wp-block-button__link has-ast-global-color-2-color has-ast-global-color-5-background-color has-text-color has-background has-link-color has-medium-font-size has-custom-font-size wp-element-button\" href=\"https:\/\/artigasgraciaabogados.com\/index.php\/contacto\/\" style=\"padding-top:var(--wp--preset--spacing--40);padding-bottom:var(--wp--preset--spacing--40)\">Contacta con nosotros<\/a><\/div>\n<\/div>\n","protected":false},"excerpt":{"rendered":"<p>\u00bfQU\u00c9 PUEDES ESPERAR DE NUESTRO EQUIPO? PRINCIPALES PROBLEMAS CIVILES QUE RESOLVEMOS: SERVICIOS QUE OFRECEMOS \u00bfPOR QU\u00c9 CONTAR CON UN ABOGADO [&hellip;]<\/p>\n","protected":false},"author":1,"featured_media":0,"parent":102,"menu_order":0,"comment_status":"closed","ping_status":"closed","template":"","meta":{"site-sidebar-layout":"default","site-content-layout":"","ast-site-content-layout":"default","site-content-style":"default","site-sidebar-style":"default","ast-global-header-display":"","ast-banner-title-visibility":"","ast-main-header-display":"","ast-hfb-above-header-display":"","ast-hfb-below-header-display":"","ast-hfb-mobile-header-display":"","site-post-title":"disabled","ast-breadcrumbs-content":"","ast-featured-img":"","footer-sml-layout":"","theme-transparent-header-meta":"","adv-header-id-meta":"","stick-header-meta":"","header-above-stick-meta":"","header-main-stick-meta":"","header-below-stick-meta":"","astra-migrate-meta-layouts":"default","ast-page-background-enabled":"default","ast-page-background-meta":{"desktop":{"background-color":"var(--ast-global-color-5)","background-image":"","background-repeat":"repeat","background-position":"center center","background-size":"auto","background-attachment":"scroll","background-type":"","background-media":"","overlay-type":"","overlay-color":"","overlay-opacity":"","overlay-gradient":""},"tablet":{"background-color":"","background-image":"","background-repeat":"repeat","background-position":"center center","background-size":"auto","background-attachment":"scroll","background-type":"","background-media":"","overlay-type":"","overlay-color":"","overlay-opacity":"","overlay-gradient":""},"mobile":{"background-color":"","background-image":"","background-repeat":"repeat","background-position":"center center","background-size":"auto","background-attachment":"scroll","background-type":"","background-media":"","overlay-type":"","overlay-color":"","overlay-opacity":"","overlay-gradient":""}},"ast-content-background-meta":{"desktop":{"background-color":"var(--ast-global-color-4)","background-image":"","background-repeat":"repeat","background-position":"center center","background-size":"auto","background-attachment":"scroll","background-type":"","background-media":"","overlay-type":"","overlay-color":"","overlay-opacity":"","overlay-gradient":""},"tablet":{"background-color":"var(--ast-global-color-4)","background-image":"","background-repeat":"repeat","background-position":"center center","background-size":"auto","background-attachment":"scroll","background-type":"","background-media":"","overlay-type":"","overlay-color":"","overlay-opacity":"","overlay-gradient":""},"mobile":{"background-color":"var(--ast-global-color-4)","background-image":"","background-repeat":"repeat","background-position":"center center","background-size":"auto","background-attachment":"scroll","background-type":"","background-media":"","overlay-type":"","overlay-color":"","overlay-opacity":"","overlay-gradient":""}},"footnotes":""},"class_list":["post-169","page","type-page","status-publish","hentry"],"yoast_head":"<!-- This site is optimized with the Yoast SEO plugin v27.2 - https:\/\/yoast.com\/product\/yoast-seo-wordpress\/ -->\n<title>Abogados de Derecho Civil en Zaragoza | Artigas Gracia<\/title>\n<meta name=\"description\" content=\"Despacho de abogados de derecho civil en Zaragoza. Asesoramos en contratos, reclamaciones y conflictos civiles con rigor, cercan\u00eda y eficacia.\" \/>\n<meta name=\"robots\" content=\"index, follow, max-snippet:-1, max-image-preview:large, max-video-preview:-1\" \/>\n<link rel=\"canonical\" href=\"https:\/\/artigasgraciaabogados.com\/index.php\/abogados-zaragoza-especialidades\/derecho-civil\/\" \/>\n<meta property=\"og:locale\" content=\"es_ES\" \/>\n<meta property=\"og:type\" content=\"article\" \/>\n<meta property=\"og:title\" content=\"Abogados de Derecho Civil en Zaragoza | Artigas Gracia\" \/>\n<meta property=\"og:description\" content=\"Despacho de abogados de derecho civil en Zaragoza. Asesoramos en contratos, reclamaciones y conflictos civiles con rigor, cercan\u00eda y eficacia.\" \/>\n<meta property=\"og:url\" content=\"https:\/\/artigasgraciaabogados.com\/index.php\/abogados-zaragoza-especialidades\/derecho-civil\/\" \/>\n<meta property=\"article:modified_time\" content=\"2026-03-23T15:53:28+00:00\" \/>\n<meta property=\"og:image\" content=\"https:\/\/artigasgraciaabogados.com\/wp-content\/uploads\/2026\/01\/ChatGPT-Image-20-ene-2026-18_07_26.png\" \/>\n\t<meta property=\"og:image:width\" content=\"1536\" \/>\n\t<meta property=\"og:image:height\" content=\"1024\" \/>\n\t<meta property=\"og:image:type\" content=\"image\/png\" \/>\n<meta name=\"twitter:card\" content=\"summary_large_image\" \/>\n<meta name=\"twitter:label1\" content=\"Tiempo de lectura\" \/>\n\t<meta name=\"twitter:data1\" content=\"2 minutos\" \/>\n<script type=\"application\/ld+json\" class=\"yoast-schema-graph\">{\"@context\":\"https:\/\/schema.org\",\"@graph\":[{\"@type\":\"WebPage\",\"@id\":\"https:\/\/artigasgraciaabogados.com\/index.php\/abogados-zaragoza-especialidades\/derecho-civil\/\",\"url\":\"https:\/\/artigasgraciaabogados.com\/index.php\/abogados-zaragoza-especialidades\/derecho-civil\/\",\"name\":\"Abogados de Derecho Civil en Zaragoza | Artigas Gracia\",\"isPartOf\":{\"@id\":\"https:\/\/artigasgraciaabogados.com\/#website\"},\"primaryImageOfPage\":{\"@id\":\"https:\/\/artigasgraciaabogados.com\/index.php\/abogados-zaragoza-especialidades\/derecho-civil\/#primaryimage\"},\"image\":{\"@id\":\"https:\/\/artigasgraciaabogados.com\/index.php\/abogados-zaragoza-especialidades\/derecho-civil\/#primaryimage\"},\"thumbnailUrl\":\"https:\/\/artigasgraciaabogados.com\/wp-content\/uploads\/2026\/01\/ChatGPT-Image-20-ene-2026-18_07_26-1024x683.png\",\"datePublished\":\"2026-01-02T17:44:11+00:00\",\"dateModified\":\"2026-03-23T15:53:28+00:00\",\"description\":\"Despacho de abogados de derecho civil en Zaragoza. Asesoramos en contratos, reclamaciones y conflictos civiles con rigor, cercan\u00eda y eficacia.\",\"breadcrumb\":{\"@id\":\"https:\/\/artigasgraciaabogados.com\/index.php\/abogados-zaragoza-especialidades\/derecho-civil\/#breadcrumb\"},\"inLanguage\":\"es\",\"potentialAction\":[{\"@type\":\"ReadAction\",\"target\":[\"https:\/\/artigasgraciaabogados.com\/index.php\/abogados-zaragoza-especialidades\/derecho-civil\/\"]}]},{\"@type\":\"ImageObject\",\"inLanguage\":\"es\",\"@id\":\"https:\/\/artigasgraciaabogados.com\/index.php\/abogados-zaragoza-especialidades\/derecho-civil\/#primaryimage\",\"url\":\"https:\/\/artigasgraciaabogados.com\/wp-content\/uploads\/2026\/01\/ChatGPT-Image-20-ene-2026-18_07_26.png\",\"contentUrl\":\"https:\/\/artigasgraciaabogados.com\/wp-content\/uploads\/2026\/01\/ChatGPT-Image-20-ene-2026-18_07_26.png\",\"width\":1536,\"height\":1024},{\"@type\":\"BreadcrumbList\",\"@id\":\"https:\/\/artigasgraciaabogados.com\/index.php\/abogados-zaragoza-especialidades\/derecho-civil\/#breadcrumb\",\"itemListElement\":[{\"@type\":\"ListItem\",\"position\":1,\"name\":\"Portada\",\"item\":\"https:\/\/artigasgraciaabogados.com\/\"},{\"@type\":\"ListItem\",\"position\":2,\"name\":\"Especialidades\",\"item\":\"https:\/\/artigasgraciaabogados.com\/index.php\/abogados-zaragoza-especialidades\/\"},{\"@type\":\"ListItem\",\"position\":3,\"name\":\"Derecho civil\"}]},{\"@type\":\"WebSite\",\"@id\":\"https:\/\/artigasgraciaabogados.com\/#website\",\"url\":\"https:\/\/artigasgraciaabogados.com\/\",\"name\":\"\",\"description\":\"\",\"potentialAction\":[{\"@type\":\"SearchAction\",\"target\":{\"@type\":\"EntryPoint\",\"urlTemplate\":\"https:\/\/artigasgraciaabogados.com\/?s={search_term_string}\"},\"query-input\":{\"@type\":\"PropertyValueSpecification\",\"valueRequired\":true,\"valueName\":\"search_term_string\"}}],\"inLanguage\":\"es\"}]}<\/script>\n<!-- \/ Yoast SEO plugin. -->","yoast_head_json":{"title":"Abogados de Derecho Civil en Zaragoza | Artigas Gracia","description":"Despacho de abogados de derecho civil en Zaragoza. Asesoramos en contratos, reclamaciones y conflictos civiles con rigor, cercan\u00eda y eficacia.","robots":{"index":"index","follow":"follow","max-snippet":"max-snippet:-1","max-image-preview":"max-image-preview:large","max-video-preview":"max-video-preview:-1"},"canonical":"https:\/\/artigasgraciaabogados.com\/index.php\/abogados-zaragoza-especialidades\/derecho-civil\/","og_locale":"es_ES","og_type":"article","og_title":"Abogados de Derecho Civil en Zaragoza | Artigas Gracia","og_description":"Despacho de abogados de derecho civil en Zaragoza. Asesoramos en contratos, reclamaciones y conflictos civiles con rigor, cercan\u00eda y eficacia.","og_url":"https:\/\/artigasgraciaabogados.com\/index.php\/abogados-zaragoza-especialidades\/derecho-civil\/","article_modified_time":"2026-03-23T15:53:28+00:00","og_image":[{"width":1536,"height":1024,"url":"https:\/\/artigasgraciaabogados.com\/wp-content\/uploads\/2026\/01\/ChatGPT-Image-20-ene-2026-18_07_26.png","type":"image\/png"}],"twitter_card":"summary_large_image","twitter_misc":{"Tiempo de lectura":"2 minutos"},"schema":{"@context":"https:\/\/schema.org","@graph":[{"@type":"WebPage","@id":"https:\/\/artigasgraciaabogados.com\/index.php\/abogados-zaragoza-especialidades\/derecho-civil\/","url":"https:\/\/artigasgraciaabogados.com\/index.php\/abogados-zaragoza-especialidades\/derecho-civil\/","name":"Abogados de Derecho Civil en Zaragoza | Artigas Gracia","isPartOf":{"@id":"https:\/\/artigasgraciaabogados.com\/#website"},"primaryImageOfPage":{"@id":"https:\/\/artigasgraciaabogados.com\/index.php\/abogados-zaragoza-especialidades\/derecho-civil\/#primaryimage"},"image":{"@id":"https:\/\/artigasgraciaabogados.com\/index.php\/abogados-zaragoza-especialidades\/derecho-civil\/#primaryimage"},"thumbnailUrl":"https:\/\/artigasgraciaabogados.com\/wp-content\/uploads\/2026\/01\/ChatGPT-Image-20-ene-2026-18_07_26-1024x683.png","datePublished":"2026-01-02T17:44:11+00:00","dateModified":"2026-03-23T15:53:28+00:00","description":"Despacho de abogados de derecho civil en Zaragoza. Asesoramos en contratos, reclamaciones y conflictos civiles con rigor, cercan\u00eda y eficacia.","breadcrumb":{"@id":"https:\/\/artigasgraciaabogados.com\/index.php\/abogados-zaragoza-especialidades\/derecho-civil\/#breadcrumb"},"inLanguage":"es","potentialAction":[{"@type":"ReadAction","target":["https:\/\/artigasgraciaabogados.com\/index.php\/abogados-zaragoza-especialidades\/derecho-civil\/"]}]},{"@type":"ImageObject","inLanguage":"es","@id":"https:\/\/artigasgraciaabogados.com\/index.php\/abogados-zaragoza-especialidades\/derecho-civil\/#primaryimage","url":"https:\/\/artigasgraciaabogados.com\/wp-content\/uploads\/2026\/01\/ChatGPT-Image-20-ene-2026-18_07_26.png","contentUrl":"https:\/\/artigasgraciaabogados.com\/wp-content\/uploads\/2026\/01\/ChatGPT-Image-20-ene-2026-18_07_26.png","width":1536,"height":1024},{"@type":"BreadcrumbList","@id":"https:\/\/artigasgraciaabogados.com\/index.php\/abogados-zaragoza-especialidades\/derecho-civil\/#breadcrumb","itemListElement":[{"@type":"ListItem","position":1,"name":"Portada","item":"https:\/\/artigasgraciaabogados.com\/"},{"@type":"ListItem","position":2,"name":"Especialidades","item":"https:\/\/artigasgraciaabogados.com\/index.php\/abogados-zaragoza-especialidades\/"},{"@type":"ListItem","position":3,"name":"Derecho civil"}]},{"@type":"WebSite","@id":"https:\/\/artigasgraciaabogados.com\/#website","url":"https:\/\/artigasgraciaabogados.com\/","name":"","description":"","potentialAction":[{"@type":"SearchAction","target":{"@type":"EntryPoint","urlTemplate":"https:\/\/artigasgraciaabogados.com\/?s={search_term_string}"},"query-input":{"@type":"PropertyValueSpecification","valueRequired":true,"valueName":"search_term_string"}}],"inLanguage":"es"}]}},"_links":{"self":[{"href":"https:\/\/artigasgraciaabogados.com\/index.php\/wp-json\/wp\/v2\/pages\/169","targetHints":{"allow":["GET"]}}],"collection":[{"href":"https:\/\/artigasgraciaabogados.com\/index.php\/wp-json\/wp\/v2\/pages"}],"about":[{"href":"https:\/\/artigasgraciaabogados.com\/index.php\/wp-json\/wp\/v2\/types\/page"}],"author":[{"embeddable":true,"href":"https:\/\/artigasgraciaabogados.com\/index.php\/wp-json\/wp\/v2\/users\/1"}],"replies":[{"embeddable":true,"href":"https:\/\/artigasgraciaabogados.com\/index.php\/wp-json\/wp\/v2\/comments?post=169"}],"version-history":[{"count":8,"href":"https:\/\/artigasgraciaabogados.com\/index.php\/wp-json\/wp\/v2\/pages\/169\/revisions"}],"predecessor-version":[{"id":203,"href":"https:\/\/artigasgraciaabogados.com\/index.php\/wp-json\/wp\/v2\/pages\/169\/revisions\/203"}],"up":[{"embeddable":true,"href":"https:\/\/artigasgraciaabogados.com\/index.php\/wp-json\/wp\/v2\/pages\/102"}],"wp:attachment":[{"href":"https:\/\/artigasgraciaabogados.com\/index.php\/wp-json\/wp\/v2\/media?parent=169"}],"curies":[{"name":"wp","href":"https:\/\/api.w.org\/{rel}","templated":true}]}}