{"id":2,"date":"2025-10-23T15:59:17","date_gmt":"2025-10-23T15:59:17","guid":{"rendered":"https:\/\/artigasgraciaabogados.com\/?page_id=2"},"modified":"2026-03-26T09:03:52","modified_gmt":"2026-03-26T09:03:52","slug":"equipo-abogados-zaragoza","status":"publish","type":"page","link":"https:\/\/artigasgraciaabogados.com\/index.php\/equipo-abogados-zaragoza\/","title":{"rendered":"NUESTRO EQUIPO"},"content":{"rendered":"\n<div style=\"height:100px\" aria-hidden=\"true\" class=\"wp-block-spacer\"><\/div>\n\n\n\n<div class=\"wp-block-cover has-ast-global-color-4-color has-text-color has-link-color wp-elements-9f1dc6b5c28449a93e1baa8bab35834d wp-duotone-unset-1\" style=\"min-height:357px;aspect-ratio:unset;\"><img loading=\"lazy\" decoding=\"async\" width=\"1078\" height=\"394\" class=\"wp-block-cover__image-background wp-image-266\" alt=\"\" src=\"https:\/\/artigasgraciaabogados.com\/wp-content\/uploads\/2026\/02\/contacto-1.jpg\" data-object-fit=\"cover\" srcset=\"https:\/\/artigasgraciaabogados.com\/wp-content\/uploads\/2026\/02\/contacto-1.jpg 1078w, https:\/\/artigasgraciaabogados.com\/wp-content\/uploads\/2026\/02\/contacto-1-300x110.jpg 300w, https:\/\/artigasgraciaabogados.com\/wp-content\/uploads\/2026\/02\/contacto-1-1024x374.jpg 1024w, https:\/\/artigasgraciaabogados.com\/wp-content\/uploads\/2026\/02\/contacto-1-768x281.jpg 768w\" sizes=\"auto, (max-width: 1078px) 100vw, 1078px\" \/><span aria-hidden=\"true\" class=\"wp-block-cover__background has-background-dim\"><\/span><div class=\"wp-block-cover__inner-container is-layout-flow wp-block-cover-is-layout-flow\">\n<p class=\"has-text-align-center\" style=\"font-size:25px\">Experiencia jur\u00eddica con el soporte de una red nacional.<\/p>\n<\/div><\/div>\n\n\n\n<p><\/p>\n\n\n\n<pre class=\"wp-block-verse has-text-align-center\" style=\"font-size:18px\">En Artigas-Gracia Abogados somos <strong>tres abogados<\/strong> con una trayectoria s\u00f3lida y complementaria, orientada a ofrecer asesoramiento jur\u00eddico <strong>riguroso, cercano y eficaz<\/strong>. Afrontamos cada asunto con implicaci\u00f3n directa y criterio t\u00e9cnico, y lo hacemos con una ventaja diferencial: contamos con el <strong>respaldo del grupo ADADE<\/strong>, que aporta estructura, recursos y una visi\u00f3n integral para acompa\u00f1ar a clientes particulares y empresas con mayor seguridad.<\/pre>\n\n\n\n<div style=\"height:108px\" aria-hidden=\"true\" class=\"wp-block-spacer\"><\/div>\n\n\n<h1 style=\"font-style:normal;font-weight:900;\" class=\"has-text-align-center has-link-color wp-elements-c342403f87034c6d0f99b2f138e703f9 wp-block-post-title has-text-color has-ast-global-color-3-color has-large-font-size\"><a href=\"https:\/\/artigasgraciaabogados.com\/index.php\/equipo-abogados-zaragoza\/\" target=\"_blank\" rel=\"https:\/\/www.linkedin.com\/in\/carlos-artigas-gracia-70913855\/\">NUESTRO EQUIPO<\/a><\/h1>\n\n\n<div style=\"height:28px\" aria-hidden=\"true\" class=\"wp-block-spacer\"><\/div>\n\n\n\n<p class=\"has-text-align-right has-ast-global-color-3-color has-text-color has-link-color wp-elements-dc0e509a542f311679be33bae0d55f85\" style=\"font-size:20px;font-style:normal;font-weight:600\"><a href=\"https:\/\/www.linkedin.com\/in\/carlos-artigas-gracia-70913855\/\">CARLOS ARTIGAS GRACIA<\/a><\/p>\n\n\n\n<figure class=\"wp-block-image alignleft size-large is-resized\"><img loading=\"lazy\" decoding=\"async\" width=\"819\" height=\"1024\" src=\"https:\/\/artigasgraciaabogados.com\/wp-content\/uploads\/2026\/02\/2-equipo-3-2-819x1024.png\" alt=\"\" class=\"wp-image-279\" style=\"width:294px;height:auto\" srcset=\"https:\/\/artigasgraciaabogados.com\/wp-content\/uploads\/2026\/02\/2-equipo-3-2-819x1024.png 819w, https:\/\/artigasgraciaabogados.com\/wp-content\/uploads\/2026\/02\/2-equipo-3-2-240x300.png 240w, https:\/\/artigasgraciaabogados.com\/wp-content\/uploads\/2026\/02\/2-equipo-3-2-768x960.png 768w, https:\/\/artigasgraciaabogados.com\/wp-content\/uploads\/2026\/02\/2-equipo-3-2.png 1080w\" sizes=\"auto, (max-width: 819px) 100vw, 819px\" \/><\/figure>\n\n\n\n<p style=\"padding-top:var(--wp--preset--spacing--30);padding-bottom:var(--wp--preset--spacing--30);font-size:16px\">Carlos Artigas es abogado con una trayectoria consolidada de m\u00e1s de tres d\u00e9cadas de ejercicio, con una pr\u00e1ctica centrada principalmente en el <strong>Derecho civil y mercantil<\/strong>, as\u00ed como en otras \u00e1reas como el <strong>Derecho administrativo<\/strong>, el <strong>penal econ\u00f3mico<\/strong> y el <strong>societario<\/strong>. Su perfil combina una amplia experiencia profesional con una formaci\u00f3n especializada y una actualizaci\u00f3n constante, con especial dedicaci\u00f3n al <strong>Derecho concursal<\/strong>, \u00e1mbito en el que viene trabajando desde el a\u00f1o 2003.<\/p>\n\n\n\n<p style=\"padding-top:var(--wp--preset--spacing--30);padding-bottom:var(--wp--preset--spacing--30);font-size:16px\">En su forma de trabajar destaca una visi\u00f3n del ejercicio de la abogac\u00eda orientada a la <strong>defensa de los derechos e intereses de sus clientes<\/strong>, siempre desde el rigor jur\u00eddico y dentro de la legalidad. Su enfoque profesional se apoya en una idea clara: el objetivo de un abogado debe ser <strong>resolver los problemas de sus clientes<\/strong>, buscando siempre los mejores resultados con compromiso, solvencia t\u00e9cnica y vocaci\u00f3n de servicio.<\/p>\n\n\n\n<div style=\"height:49px\" aria-hidden=\"true\" class=\"wp-block-spacer\"><\/div>\n\n\n\n<p class=\"has-text-align-left\" style=\"font-size:20px;font-style:normal;font-weight:600;text-decoration:underline\">M\u00d3NICA GRACIA CALVO<\/p>\n\n\n\n<div style=\"height:15px\" aria-hidden=\"true\" class=\"wp-block-spacer\"><\/div>\n\n\n\n<figure class=\"wp-block-image alignright size-large is-resized\"><img loading=\"lazy\" decoding=\"async\" width=\"819\" height=\"1024\" src=\"https:\/\/artigasgraciaabogados.com\/wp-content\/uploads\/2026\/02\/2-equipo-4-1-819x1024.png\" alt=\"\" class=\"wp-image-264\" style=\"aspect-ratio:0.7998299681190223;width:321px;height:auto\" srcset=\"https:\/\/artigasgraciaabogados.com\/wp-content\/uploads\/2026\/02\/2-equipo-4-1-819x1024.png 819w, https:\/\/artigasgraciaabogados.com\/wp-content\/uploads\/2026\/02\/2-equipo-4-1-240x300.png 240w, https:\/\/artigasgraciaabogados.com\/wp-content\/uploads\/2026\/02\/2-equipo-4-1-768x960.png 768w, https:\/\/artigasgraciaabogados.com\/wp-content\/uploads\/2026\/02\/2-equipo-4-1.png 1080w\" sizes=\"auto, (max-width: 819px) 100vw, 819px\" \/><\/figure>\n\n\n\n<p style=\"padding-top:var(--wp--preset--spacing--30);padding-bottom:var(--wp--preset--spacing--30);font-size:16px\">M\u00f3nica es abogada con una trayectoria consolidada de casi tres d\u00e9cadas de ejercicio, con una pr\u00e1ctica centrada principalmente en el <strong>Derecho civil, mercantil y sucesorio<\/strong>; as\u00ed como en la <strong>direcci\u00f3n letrada de procedimientos<\/strong> y la estrategia procesal. Su perfil combina una visi\u00f3n pr\u00e1ctica, orientada a resolver problemas reales. Con una formaci\u00f3n continua y especializada, con especial atenci\u00f3n al <strong>Derecho Foral Aragon\u00e9s<\/strong> y al \u00e1mbito concursal.<\/p>\n\n\n\n<p style=\"padding-top:var(--wp--preset--spacing--30);padding-bottom:var(--wp--preset--spacing--30);font-size:16px\">En su forma de trabajar destaca un enfoque basado en el <strong>trato cercano y el acompa\u00f1amiento jur\u00eddico<\/strong> desde el primer momento. Destaca el foco en la claridad, la seguridad y el rigor t\u00e9cnico. Su d\u00eda a d\u00eda profesional se apoya en valores clave como la <strong>confianza, la empat\u00eda, la confidencialidad<\/strong>. Asimismo, estudia al detalle cada asunto, buscando siempre una respuesta jur\u00eddica s\u00f3lida y adaptada a las circunstancias de cada cliente.<\/p>\n\n\n\n<p><\/p>\n\n\n\n<div style=\"height:63px\" aria-hidden=\"true\" class=\"wp-block-spacer\"><\/div>\n\n\n\n<p class=\"has-text-align-right\" style=\"font-size:20px;font-style:normal;font-weight:600;text-decoration:underline\">PABLO FELEZ<\/p>\n\n\n\n<figure class=\"wp-block-image alignleft size-large is-resized\"><img loading=\"lazy\" decoding=\"async\" width=\"819\" height=\"1024\" src=\"https:\/\/artigasgraciaabogados.com\/wp-content\/uploads\/2026\/02\/Copia-de-3.-PABLO-HERENCIAS-819x1024.png\" alt=\"\" class=\"wp-image-265\" style=\"aspect-ratio:0.7998299681190223;width:330px;height:auto\" srcset=\"https:\/\/artigasgraciaabogados.com\/wp-content\/uploads\/2026\/02\/Copia-de-3.-PABLO-HERENCIAS-819x1024.png 819w, https:\/\/artigasgraciaabogados.com\/wp-content\/uploads\/2026\/02\/Copia-de-3.-PABLO-HERENCIAS-240x300.png 240w, https:\/\/artigasgraciaabogados.com\/wp-content\/uploads\/2026\/02\/Copia-de-3.-PABLO-HERENCIAS-768x960.png 768w, https:\/\/artigasgraciaabogados.com\/wp-content\/uploads\/2026\/02\/Copia-de-3.-PABLO-HERENCIAS.png 1080w\" sizes=\"auto, (max-width: 819px) 100vw, 819px\" \/><\/figure>\n\n\n\n<p style=\"padding-top:var(--wp--preset--spacing--30);padding-bottom:var(--wp--preset--spacing--30);font-size:16px\">Pablo es abogado y <strong>doctor en Derecho<\/strong>, con m\u00e1s de tres d\u00e9cadas de experiencia y una s\u00f3lida trayectoria tanto en el ejercicio profesional como en el \u00e1mbito acad\u00e9mico. Su pr\u00e1ctica se desarrolla principalmente en <strong>Derecho civil, mercantil y procesal<\/strong>. Su enfoque est\u00e1 especialmente orientado a la tutela judicial de los intereses del cliente y al dise\u00f1o de estrategias eficaces en litigios y procedimientos complejos. A ello se suma una formaci\u00f3n avanzada en <strong>derecho privado patrimonial<\/strong>. Es un perfil t\u00e9cnico que aporta profundidad y precisi\u00f3n al an\u00e1lisis jur\u00eddico.<\/p>\n\n\n\n<p style=\"padding-top:var(--wp--preset--spacing--30);padding-bottom:var(--wp--preset--spacing--30);font-size:16px\">Adem\u00e1s, ha compatibilizado el ejercicio con la <strong>docencia universitaria<\/strong> y la participaci\u00f3n en actividades acad\u00e9micas. En estas, se incluyen publicaciones especializadas y ponencias en jornadas jur\u00eddicas. En su relaci\u00f3n con el cliente prioriza una forma de trabajo <strong>rigurosa y transparente<\/strong>, basada en la lealtad, la sinceridad y el asesoramiento realista. En ellas busca que cada decisi\u00f3n se adopte con criterio jur\u00eddico y con plena conciencia de las implicaciones del caso.<\/p>\n\n\n\n<div style=\"height:83px\" aria-hidden=\"true\" class=\"wp-block-spacer\"><\/div>\n\n\n\n<figure class=\"wp-block-image aligncenter size-large is-resized\"><a href=\"https:\/\/adadezaragoza.es\/\"><img loading=\"lazy\" decoding=\"async\" width=\"1024\" height=\"512\" src=\"https:\/\/artigasgraciaabogados.com\/wp-content\/uploads\/2026\/02\/BANNER-PAGINA-INICIO-1024x512.jpg\" alt=\"\" class=\"wp-image-267\" style=\"width:1004px;height:auto\" srcset=\"https:\/\/artigasgraciaabogados.com\/wp-content\/uploads\/2026\/02\/BANNER-PAGINA-INICIO-1024x512.jpg 1024w, https:\/\/artigasgraciaabogados.com\/wp-content\/uploads\/2026\/02\/BANNER-PAGINA-INICIO-300x150.jpg 300w, https:\/\/artigasgraciaabogados.com\/wp-content\/uploads\/2026\/02\/BANNER-PAGINA-INICIO-768x384.jpg 768w, https:\/\/artigasgraciaabogados.com\/wp-content\/uploads\/2026\/02\/BANNER-PAGINA-INICIO-1536x768.jpg 1536w, https:\/\/artigasgraciaabogados.com\/wp-content\/uploads\/2026\/02\/BANNER-PAGINA-INICIO-2048x1024.jpg 2048w\" sizes=\"auto, (max-width: 1024px) 100vw, 1024px\" \/><\/a><\/figure>\n\n\n\n<div style=\"height:28px\" aria-hidden=\"true\" class=\"wp-block-spacer\"><\/div>\n\n\n\n<p class=\"has-text-align-center\">Formamos parte de <strong><a href=\"https:\/\/adadezaragoza.es\/\">ADADE<\/a><\/strong>, una organizaci\u00f3n de referencia en el \u00e1mbito del asesoramiento jur\u00eddico, fiscal y empresarial. Esta pertenencia nos permite combinar la <strong>atenci\u00f3n personalizada<\/strong> propia de un despacho cercano con el apoyo de una <strong>red profesional amplia<\/strong>. Esto permite tener acceso a conocimiento especializado y capacidad de coordinaci\u00f3n en materias y necesidades diversas, manteniendo siempre el mismo est\u00e1ndar de calidad y compromiso en cada caso.<\/p>\n\n\n\n<div style=\"height:66px\" aria-hidden=\"true\" class=\"wp-block-spacer\"><\/div>\n\n\n\n<div class=\"wp-block-buttons alignwide is-content-justification-center is-layout-flex wp-container-core-buttons-is-layout-a89b3969 wp-block-buttons-is-layout-flex\">\n<div class=\"wp-block-button has-custom-width wp-block-button__width-50\"><a class=\"wp-block-button__link wp-element-button\" href=\"https:\/\/artigasgraciaabogados.com\/index.php\/contacto\/\">Contacta con nosotros<\/a><\/div>\n<\/div>\n\n\n\n<div style=\"height:83px\" aria-hidden=\"true\" class=\"wp-block-spacer\"><\/div>\n","protected":false},"excerpt":{"rendered":"<p>En Artigas-Gracia Abogados somos tres abogados con una trayectoria s\u00f3lida y complementaria, orientada a ofrecer asesoramiento jur\u00eddico riguroso, cercano y [&hellip;]<\/p>\n","protected":false},"author":1,"featured_media":0,"parent":0,"menu_order":0,"comment_status":"closed","ping_status":"open","template":"","meta":{"site-sidebar-layout":"default","site-content-layout":"","ast-site-content-layout":"default","site-content-style":"default","site-sidebar-style":"default","ast-global-header-display":"","ast-banner-title-visibility":"","ast-main-header-display":"","ast-hfb-above-header-display":"","ast-hfb-below-header-display":"","ast-hfb-mobile-header-display":"","site-post-title":"disabled","ast-breadcrumbs-content":"","ast-featured-img":"","footer-sml-layout":"","theme-transparent-header-meta":"","adv-header-id-meta":"","stick-header-meta":"","header-above-stick-meta":"","header-main-stick-meta":"","header-below-stick-meta":"","astra-migrate-meta-layouts":"default","ast-page-background-enabled":"default","ast-page-background-meta":{"desktop":{"background-color":"var(--ast-global-color-5)","background-image":"","background-repeat":"repeat","background-position":"center center","background-size":"auto","background-attachment":"scroll","background-type":"","background-media":"","overlay-type":"","overlay-color":"","overlay-opacity":"","overlay-gradient":""},"tablet":{"background-color":"","background-image":"","background-repeat":"repeat","background-position":"center center","background-size":"auto","background-attachment":"scroll","background-type":"","background-media":"","overlay-type":"","overlay-color":"","overlay-opacity":"","overlay-gradient":""},"mobile":{"background-color":"","background-image":"","background-repeat":"repeat","background-position":"center center","background-size":"auto","background-attachment":"scroll","background-type":"","background-media":"","overlay-type":"","overlay-color":"","overlay-opacity":"","overlay-gradient":""}},"ast-content-background-meta":{"desktop":{"background-color":"var(--ast-global-color-4)","background-image":"","background-repeat":"repeat","background-position":"center center","background-size":"auto","background-attachment":"scroll","background-type":"","background-media":"","overlay-type":"","overlay-color":"","overlay-opacity":"","overlay-gradient":""},"tablet":{"background-color":"var(--ast-global-color-4)","background-image":"","background-repeat":"repeat","background-position":"center center","background-size":"auto","background-attachment":"scroll","background-type":"","background-media":"","overlay-type":"","overlay-color":"","overlay-opacity":"","overlay-gradient":""},"mobile":{"background-color":"var(--ast-global-color-4)","background-image":"","background-repeat":"repeat","background-position":"center center","background-size":"auto","background-attachment":"scroll","background-type":"","background-media":"","overlay-type":"","overlay-color":"","overlay-opacity":"","overlay-gradient":""}},"footnotes":""},"class_list":["post-2","page","type-page","status-publish","hentry"],"yoast_head":"<!-- This site is optimized with the Yoast SEO plugin v27.2 - https:\/\/yoast.com\/product\/yoast-seo-wordpress\/ -->\n<title>Equipo de Abogados en Zaragoza | Artigas Gracia<\/title>\n<meta name=\"description\" content=\"Nuestro equipo consta de tres abogados profesionales especializados en derecho civil, mercantil, sucesorio y concursal.\" \/>\n<meta name=\"robots\" content=\"index, follow, max-snippet:-1, max-image-preview:large, max-video-preview:-1\" \/>\n<link rel=\"canonical\" href=\"https:\/\/artigasgraciaabogados.com\/index.php\/equipo-abogados-zaragoza\/\" \/>\n<meta property=\"og:locale\" content=\"es_ES\" \/>\n<meta property=\"og:type\" content=\"article\" \/>\n<meta property=\"og:title\" content=\"Equipo de Abogados en Zaragoza | Artigas Gracia\" \/>\n<meta property=\"og:description\" content=\"Nuestro equipo consta de tres abogados profesionales especializados en derecho civil, mercantil, sucesorio y concursal.\" \/>\n<meta property=\"og:url\" content=\"https:\/\/artigasgraciaabogados.com\/index.php\/equipo-abogados-zaragoza\/\" \/>\n<meta property=\"article:modified_time\" content=\"2026-03-26T09:03:52+00:00\" \/>\n<meta property=\"og:image\" content=\"https:\/\/artigasgraciaabogados.com\/wp-content\/uploads\/2026\/02\/contacto-1.jpg\" \/>\n\t<meta property=\"og:image:width\" content=\"1078\" \/>\n\t<meta property=\"og:image:height\" content=\"394\" \/>\n\t<meta property=\"og:image:type\" content=\"image\/jpeg\" \/>\n<meta name=\"twitter:card\" content=\"summary_large_image\" \/>\n<meta name=\"twitter:label1\" content=\"Tiempo de lectura\" \/>\n\t<meta name=\"twitter:data1\" content=\"4 minutos\" \/>\n<script type=\"application\/ld+json\" class=\"yoast-schema-graph\">{\"@context\":\"https:\/\/schema.org\",\"@graph\":[{\"@type\":\"WebPage\",\"@id\":\"https:\/\/artigasgraciaabogados.com\/index.php\/equipo-abogados-zaragoza\/\",\"url\":\"https:\/\/artigasgraciaabogados.com\/index.php\/equipo-abogados-zaragoza\/\",\"name\":\"Equipo de Abogados en Zaragoza | Artigas Gracia\",\"isPartOf\":{\"@id\":\"https:\/\/artigasgraciaabogados.com\/#website\"},\"primaryImageOfPage\":{\"@id\":\"https:\/\/artigasgraciaabogados.com\/index.php\/equipo-abogados-zaragoza\/#primaryimage\"},\"image\":{\"@id\":\"https:\/\/artigasgraciaabogados.com\/index.php\/equipo-abogados-zaragoza\/#primaryimage\"},\"thumbnailUrl\":\"https:\/\/artigasgraciaabogados.com\/wp-content\/uploads\/2026\/02\/contacto-1.jpg\",\"datePublished\":\"2025-10-23T15:59:17+00:00\",\"dateModified\":\"2026-03-26T09:03:52+00:00\",\"description\":\"Nuestro equipo consta de tres abogados profesionales especializados en derecho civil, mercantil, sucesorio y concursal.\",\"breadcrumb\":{\"@id\":\"https:\/\/artigasgraciaabogados.com\/index.php\/equipo-abogados-zaragoza\/#breadcrumb\"},\"inLanguage\":\"es\",\"potentialAction\":[{\"@type\":\"ReadAction\",\"target\":[\"https:\/\/artigasgraciaabogados.com\/index.php\/equipo-abogados-zaragoza\/\"]}]},{\"@type\":\"ImageObject\",\"inLanguage\":\"es\",\"@id\":\"https:\/\/artigasgraciaabogados.com\/index.php\/equipo-abogados-zaragoza\/#primaryimage\",\"url\":\"https:\/\/artigasgraciaabogados.com\/wp-content\/uploads\/2026\/02\/contacto-1.jpg\",\"contentUrl\":\"https:\/\/artigasgraciaabogados.com\/wp-content\/uploads\/2026\/02\/contacto-1.jpg\",\"width\":1078,\"height\":394,\"caption\":\"Screenshot\"},{\"@type\":\"BreadcrumbList\",\"@id\":\"https:\/\/artigasgraciaabogados.com\/index.php\/equipo-abogados-zaragoza\/#breadcrumb\",\"itemListElement\":[{\"@type\":\"ListItem\",\"position\":1,\"name\":\"Portada\",\"item\":\"https:\/\/artigasgraciaabogados.com\/\"},{\"@type\":\"ListItem\",\"position\":2,\"name\":\"NUESTRO EQUIPO\"}]},{\"@type\":\"WebSite\",\"@id\":\"https:\/\/artigasgraciaabogados.com\/#website\",\"url\":\"https:\/\/artigasgraciaabogados.com\/\",\"name\":\"\",\"description\":\"\",\"potentialAction\":[{\"@type\":\"SearchAction\",\"target\":{\"@type\":\"EntryPoint\",\"urlTemplate\":\"https:\/\/artigasgraciaabogados.com\/?s={search_term_string}\"},\"query-input\":{\"@type\":\"PropertyValueSpecification\",\"valueRequired\":true,\"valueName\":\"search_term_string\"}}],\"inLanguage\":\"es\"}]}<\/script>\n<!-- \/ Yoast SEO plugin. -->","yoast_head_json":{"title":"Equipo de Abogados en Zaragoza | Artigas Gracia","description":"Nuestro equipo consta de tres abogados profesionales especializados en derecho civil, mercantil, sucesorio y concursal.","robots":{"index":"index","follow":"follow","max-snippet":"max-snippet:-1","max-image-preview":"max-image-preview:large","max-video-preview":"max-video-preview:-1"},"canonical":"https:\/\/artigasgraciaabogados.com\/index.php\/equipo-abogados-zaragoza\/","og_locale":"es_ES","og_type":"article","og_title":"Equipo de Abogados en Zaragoza | Artigas Gracia","og_description":"Nuestro equipo consta de tres abogados profesionales especializados en derecho civil, mercantil, sucesorio y concursal.","og_url":"https:\/\/artigasgraciaabogados.com\/index.php\/equipo-abogados-zaragoza\/","article_modified_time":"2026-03-26T09:03:52+00:00","og_image":[{"width":1078,"height":394,"url":"https:\/\/artigasgraciaabogados.com\/wp-content\/uploads\/2026\/02\/contacto-1.jpg","type":"image\/jpeg"}],"twitter_card":"summary_large_image","twitter_misc":{"Tiempo de lectura":"4 minutos"},"schema":{"@context":"https:\/\/schema.org","@graph":[{"@type":"WebPage","@id":"https:\/\/artigasgraciaabogados.com\/index.php\/equipo-abogados-zaragoza\/","url":"https:\/\/artigasgraciaabogados.com\/index.php\/equipo-abogados-zaragoza\/","name":"Equipo de Abogados en Zaragoza | Artigas Gracia","isPartOf":{"@id":"https:\/\/artigasgraciaabogados.com\/#website"},"primaryImageOfPage":{"@id":"https:\/\/artigasgraciaabogados.com\/index.php\/equipo-abogados-zaragoza\/#primaryimage"},"image":{"@id":"https:\/\/artigasgraciaabogados.com\/index.php\/equipo-abogados-zaragoza\/#primaryimage"},"thumbnailUrl":"https:\/\/artigasgraciaabogados.com\/wp-content\/uploads\/2026\/02\/contacto-1.jpg","datePublished":"2025-10-23T15:59:17+00:00","dateModified":"2026-03-26T09:03:52+00:00","description":"Nuestro equipo consta de tres abogados profesionales especializados en derecho civil, mercantil, sucesorio y concursal.","breadcrumb":{"@id":"https:\/\/artigasgraciaabogados.com\/index.php\/equipo-abogados-zaragoza\/#breadcrumb"},"inLanguage":"es","potentialAction":[{"@type":"ReadAction","target":["https:\/\/artigasgraciaabogados.com\/index.php\/equipo-abogados-zaragoza\/"]}]},{"@type":"ImageObject","inLanguage":"es","@id":"https:\/\/artigasgraciaabogados.com\/index.php\/equipo-abogados-zaragoza\/#primaryimage","url":"https:\/\/artigasgraciaabogados.com\/wp-content\/uploads\/2026\/02\/contacto-1.jpg","contentUrl":"https:\/\/artigasgraciaabogados.com\/wp-content\/uploads\/2026\/02\/contacto-1.jpg","width":1078,"height":394,"caption":"Screenshot"},{"@type":"BreadcrumbList","@id":"https:\/\/artigasgraciaabogados.com\/index.php\/equipo-abogados-zaragoza\/#breadcrumb","itemListElement":[{"@type":"ListItem","position":1,"name":"Portada","item":"https:\/\/artigasgraciaabogados.com\/"},{"@type":"ListItem","position":2,"name":"NUESTRO EQUIPO"}]},{"@type":"WebSite","@id":"https:\/\/artigasgraciaabogados.com\/#website","url":"https:\/\/artigasgraciaabogados.com\/","name":"","description":"","potentialAction":[{"@type":"SearchAction","target":{"@type":"EntryPoint","urlTemplate":"https:\/\/artigasgraciaabogados.com\/?s={search_term_string}"},"query-input":{"@type":"PropertyValueSpecification","valueRequired":true,"valueName":"search_term_string"}}],"inLanguage":"es"}]}},"_links":{"self":[{"href":"https:\/\/artigasgraciaabogados.com\/index.php\/wp-json\/wp\/v2\/pages\/2","targetHints":{"allow":["GET"]}}],"collection":[{"href":"https:\/\/artigasgraciaabogados.com\/index.php\/wp-json\/wp\/v2\/pages"}],"about":[{"href":"https:\/\/artigasgraciaabogados.com\/index.php\/wp-json\/wp\/v2\/types\/page"}],"author":[{"embeddable":true,"href":"https:\/\/artigasgraciaabogados.com\/index.php\/wp-json\/wp\/v2\/users\/1"}],"replies":[{"embeddable":true,"href":"https:\/\/artigasgraciaabogados.com\/index.php\/wp-json\/wp\/v2\/comments?post=2"}],"version-history":[{"count":9,"href":"https:\/\/artigasgraciaabogados.com\/index.php\/wp-json\/wp\/v2\/pages\/2\/revisions"}],"predecessor-version":[{"id":337,"href":"https:\/\/artigasgraciaabogados.com\/index.php\/wp-json\/wp\/v2\/pages\/2\/revisions\/337"}],"wp:attachment":[{"href":"https:\/\/artigasgraciaabogados.com\/index.php\/wp-json\/wp\/v2\/media?parent=2"}],"curies":[{"name":"wp","href":"https:\/\/api.w.org\/{rel}","templated":true}]}}