{"id":228,"date":"2026-02-12T12:09:39","date_gmt":"2026-02-12T12:09:39","guid":{"rendered":"https:\/\/artigasgraciaabogados.com\/?page_id=228"},"modified":"2026-03-23T15:59:46","modified_gmt":"2026-03-23T15:59:46","slug":"pactos-sucesorios","status":"publish","type":"page","link":"https:\/\/artigasgraciaabogados.com\/index.php\/pactos-sucesorios\/","title":{"rendered":"PACTOS SUCESORIOS"},"content":{"rendered":"\n<div style=\"height:100px\" aria-hidden=\"true\" class=\"wp-block-spacer\"><\/div>\n\n\n<h2 style=\"font-style:normal;font-weight:400;\" class=\"has-text-align-right has-link-color wp-elements-c12ff6c84ccb89ac31842531f7e583ff wp-block-post-title has-text-color has-ast-global-color-3-color has-medium-font-size\"><a href=\"https:\/\/artigasgraciaabogados.com\/index.php\/pactos-sucesorios\/\" target=\"_self\" rel=\"https:\/\/artigasgraciaabogados.com\/index.php\/contacto\/\">PACTOS SUCESORIOS<\/a><\/h2>\n\n\n<div class=\"wp-block-cover\" style=\"min-height:344px;aspect-ratio:unset;\"><img loading=\"lazy\" decoding=\"async\" width=\"736\" height=\"414\" class=\"wp-block-cover__image-background wp-image-230\" alt=\"\" src=\"https:\/\/artigasgraciaabogados.com\/wp-content\/uploads\/2026\/02\/7e2070a0b04af3aa237b3c40a2d7e056-edited.jpg\" data-object-fit=\"cover\" srcset=\"https:\/\/artigasgraciaabogados.com\/wp-content\/uploads\/2026\/02\/7e2070a0b04af3aa237b3c40a2d7e056-edited.jpg 736w, https:\/\/artigasgraciaabogados.com\/wp-content\/uploads\/2026\/02\/7e2070a0b04af3aa237b3c40a2d7e056-edited-300x169.jpg 300w\" sizes=\"auto, (max-width: 736px) 100vw, 736px\" \/><span aria-hidden=\"true\" class=\"wp-block-cover__background has-background-dim\"><\/span><div class=\"wp-block-cover__inner-container is-layout-flow wp-block-cover-is-layout-flow\">\n<p class=\"has-text-align-center has-ast-global-color-4-color has-text-color has-link-color has-medium-font-size wp-elements-9d6c0ef2e89bcb680a0aa179b2742b7a\">En Artigas Gracia Abogados te asesoramos en pactos sucesorios en Arag\u00f3n como herramienta para ordenar el patrimonio familiar y, cuando corresponde, facilitar la sucesi\u00f3n empresarial con una planificaci\u00f3n legal, s\u00f3lida, eficiente y fiscalmente optimizada.<\/p>\n<\/div><\/div>\n\n\n\n<div style=\"height:86px\" aria-hidden=\"true\" class=\"wp-block-spacer\"><\/div>\n\n\n\n<p class=\"has-text-align-center has-border-color has-ast-global-color-7-border-color has-ast-global-color-1-background-color has-background\" style=\"border-width:2px;padding-top:var(--wp--preset--spacing--60);padding-bottom:var(--wp--preset--spacing--60);font-size:15px\">El <strong>pacto sucesorio aragon\u00e9s<\/strong>, regulado en el <strong>C\u00f3digo de Derecho Foral de Arag\u00f3n<\/strong>, permite planificar la herencia con una flexibilidad que no ofrece el derecho com\u00fan. Entre sus modalidades, destaca la <strong>instituci\u00f3n de presente<\/strong>, una f\u00f3rmula que permite <strong>heredar en vida<\/strong> con efectos inmediatos. <\/p>\n\n\n\n<p><\/p>\n\n\n\n<div style=\"height:59px\" aria-hidden=\"true\" class=\"wp-block-spacer\"><\/div>\n\n\n\n<p class=\"has-ast-global-color-4-color has-ast-global-color-3-background-color has-text-color has-background has-link-color wp-elements-c0e070fb9c518e34c6c3d01390d135f0\" style=\"border-top-left-radius:37px;border-top-right-radius:37px;border-bottom-left-radius:37px;border-bottom-right-radius:37px\"><strong>Ventajas del Pacto Sucesorio en Arag\u00f3n<\/strong><\/p>\n\n\n\n<ul class=\"wp-block-list\">\n<li><strong>Estabilidad y previsi\u00f3n jur\u00eddica:<\/strong> a diferencia del testamento, el pacto sucesorio tiene un car\u00e1cter <strong>vinculante<\/strong> y aporta certeza, al no poder revocarse unilateralmente.<\/li>\n\n\n\n<li><strong>Evita conflictos familiares:<\/strong> al ser un acuerdo conocido de antemano por las partes, reduce el riesgo de disputas posteriores y litigios prolongados.<\/li>\n\n\n\n<li><strong>Flexibilidad en la ordenaci\u00f3n del patrimonio:<\/strong> permite dise\u00f1ar disposiciones adaptadas a cada situaci\u00f3n familiar y patrimonial.<\/li>\n\n\n\n<li><strong>Optimizaci\u00f3n fiscal:<\/strong> en muchos casos, la planificaci\u00f3n mediante pacto sucesorio puede resultar m\u00e1s ventajosa en Arag\u00f3n, al permitir aplicar reducciones del <strong>Impuesto de Sucesiones y Donaciones<\/strong>. Adem\u00e1s, el pacto sucesorio <strong>tributa por Sucesiones<\/strong>, evitando (a diferencia de una donaci\u00f3n) que el que transmite tenga que declarar una <strong>ganancia patrimonial en el IRPF<\/strong>.<\/li>\n<\/ul>\n\n\n\n<div style=\"height:100px\" aria-hidden=\"true\" class=\"wp-block-spacer\"><\/div>\n\n\n\n<p class=\"has-text-align-center has-border-color\" style=\"border-color:var(--ast-global-color-5);border-width:3px;border-top-left-radius:100px;border-top-right-radius:100px;border-bottom-left-radius:100px;border-bottom-right-radius:100px;padding-top:var(--wp--preset--spacing--30);padding-bottom:var(--wp--preset--spacing--30);font-size:30px\"><strong>LA INSTITUCI\u00d3N EN PRESENTE: HEREDAR EN VIDA<\/strong><\/p>\n\n\n\n<p>La <strong>instituci\u00f3n de presente<\/strong> permite al instituyente transmitir bienes a sus herederos <strong>en vida<\/strong> y con efectos inmediatos. Es especialmente \u00fatil cuando se busca:<\/p>\n\n\n\n<ul style=\"border-top-left-radius:11px;border-top-right-radius:11px;border-bottom-left-radius:11px;border-bottom-right-radius:11px;padding-top:3.6rem;padding-bottom:3.6rem\" class=\"wp-block-list has-ast-global-color-5-background-color has-background\">\n<li><strong>Facilitar la gesti\u00f3n del patrimonio:<\/strong> al poder supervisar c\u00f3mo se administra lo transmitido, algo relevante en patrimonios familiares, inmuebles o empresas familiares.<\/li>\n\n\n\n<li><strong>Ayudar al heredero en el momento oportuno:<\/strong> el heredero recibe los bienes cuando puede necesitarlos (emprender, consolidar su proyecto vital o afrontar gastos relevantes).<\/li>\n\n\n\n<li><strong>Reducir cargas administrativas y fiscales:<\/strong> simplifica la transmisi\u00f3n y puede beneficiarse de ventajas fiscales espec\u00edficas. <\/li>\n\n\n\n<li><strong>Asegurar el respeto a la voluntad del causante:<\/strong> al materializarse en vida, disminuye el margen de interpretaciones futuras.<\/li>\n<\/ul>\n\n\n\n<div style=\"height:32px\" aria-hidden=\"true\" class=\"wp-block-spacer\"><\/div>\n\n\n\n<p><\/p>\n\n\n\n<div class=\"wp-block-cover\" style=\"min-height:373px;aspect-ratio:unset;\"><img loading=\"lazy\" decoding=\"async\" width=\"736\" height=\"414\" class=\"wp-block-cover__image-background wp-image-232\" alt=\"\" src=\"https:\/\/artigasgraciaabogados.com\/wp-content\/uploads\/2026\/02\/0557915cfaff67a373b266f07032f48a-edited.jpg\" data-object-fit=\"cover\" srcset=\"https:\/\/artigasgraciaabogados.com\/wp-content\/uploads\/2026\/02\/0557915cfaff67a373b266f07032f48a-edited.jpg 736w, https:\/\/artigasgraciaabogados.com\/wp-content\/uploads\/2026\/02\/0557915cfaff67a373b266f07032f48a-edited-300x169.jpg 300w\" sizes=\"auto, (max-width: 736px) 100vw, 736px\" \/><span aria-hidden=\"true\" class=\"wp-block-cover__background has-background-dim\"><\/span><div class=\"wp-block-cover__inner-container is-layout-flow wp-block-cover-is-layout-flow\">\n<p class=\"has-text-align-center has-ast-global-color-4-color has-text-color has-link-color has-medium-font-size wp-elements-cb3e2211472c9878e4c00f19b74ef6b5\">Si est\u00e1s valorando un <strong>pacto sucesorio<\/strong> para proteger tu patrimonio familiar o planificar una <strong>transmisi\u00f3n ordenada<\/strong>, cu\u00e9ntanos tu situaci\u00f3n y te ayudaremos a encontrar la f\u00f3rmula m\u00e1s adecuada para ti, tu familia y, si aplica, tu empresa.<\/p>\n\n\n\n<div style=\"height:10px\" aria-hidden=\"true\" class=\"wp-block-spacer\"><\/div>\n\n\n\n<div class=\"wp-block-buttons is-content-justification-center is-layout-flex wp-container-core-buttons-is-layout-a89b3969 wp-block-buttons-is-layout-flex\">\n<div class=\"wp-block-button\"><a class=\"wp-block-button__link wp-element-button\" href=\"https:\/\/artigasgraciaabogados.com\/index.php\/contacto\/\" style=\"padding-top:var(--wp--preset--spacing--40);padding-bottom:var(--wp--preset--spacing--40)\">Contacta con nosotros<\/a><\/div>\n<\/div>\n<\/div><\/div>\n\n\n\n<div style=\"height:100px\" aria-hidden=\"true\" class=\"wp-block-spacer\"><\/div>\n\n\n\n<p class=\"has-text-align-center\" style=\"font-size:15px\"><strong>C\/<\/strong>&nbsp;San Jorge, N\u00ba7, Principal Dcha, 50001<\/p>\n\n\n\n<p class=\"has-text-align-center\" style=\"font-size:15px\">Nos encontramos dentro de la asesor\u00eda:&nbsp;<a href=\"https:\/\/adadezaragoza.es\/\">Adade Zaragoza<\/a><\/p>\n\n\n\n<p class=\"has-text-align-center\" style=\"font-size:15px\"><strong>Horario:<\/strong>&nbsp;Lunes a Viernes 09:00h a 14,00 h.<\/p>\n\n\n\n<p><\/p>\n","protected":false},"excerpt":{"rendered":"<p>El pacto sucesorio aragon\u00e9s, regulado en el C\u00f3digo de Derecho Foral de Arag\u00f3n, permite planificar la herencia con una flexibilidad [&hellip;]<\/p>\n","protected":false},"author":1,"featured_media":0,"parent":0,"menu_order":0,"comment_status":"closed","ping_status":"closed","template":"","meta":{"site-sidebar-layout":"default","site-content-layout":"","ast-site-content-layout":"default","site-content-style":"default","site-sidebar-style":"default","ast-global-header-display":"","ast-banner-title-visibility":"","ast-main-header-display":"","ast-hfb-above-header-display":"","ast-hfb-below-header-display":"","ast-hfb-mobile-header-display":"","site-post-title":"disabled","ast-breadcrumbs-content":"","ast-featured-img":"","footer-sml-layout":"","theme-transparent-header-meta":"","adv-header-id-meta":"","stick-header-meta":"","header-above-stick-meta":"","header-main-stick-meta":"","header-below-stick-meta":"","astra-migrate-meta-layouts":"default","ast-page-background-enabled":"default","ast-page-background-meta":{"desktop":{"background-color":"var(--ast-global-color-5)","background-image":"","background-repeat":"repeat","background-position":"center center","background-size":"auto","background-attachment":"scroll","background-type":"","background-media":"","overlay-type":"","overlay-color":"","overlay-opacity":"","overlay-gradient":""},"tablet":{"background-color":"","background-image":"","background-repeat":"repeat","background-position":"center center","background-size":"auto","background-attachment":"scroll","background-type":"","background-media":"","overlay-type":"","overlay-color":"","overlay-opacity":"","overlay-gradient":""},"mobile":{"background-color":"","background-image":"","background-repeat":"repeat","background-position":"center center","background-size":"auto","background-attachment":"scroll","background-type":"","background-media":"","overlay-type":"","overlay-color":"","overlay-opacity":"","overlay-gradient":""}},"ast-content-background-meta":{"desktop":{"background-color":"var(--ast-global-color-4)","background-image":"","background-repeat":"repeat","background-position":"center center","background-size":"auto","background-attachment":"scroll","background-type":"","background-media":"","overlay-type":"","overlay-color":"","overlay-opacity":"","overlay-gradient":""},"tablet":{"background-color":"var(--ast-global-color-4)","background-image":"","background-repeat":"repeat","background-position":"center center","background-size":"auto","background-attachment":"scroll","background-type":"","background-media":"","overlay-type":"","overlay-color":"","overlay-opacity":"","overlay-gradient":""},"mobile":{"background-color":"var(--ast-global-color-4)","background-image":"","background-repeat":"repeat","background-position":"center center","background-size":"auto","background-attachment":"scroll","background-type":"","background-media":"","overlay-type":"","overlay-color":"","overlay-opacity":"","overlay-gradient":""}},"footnotes":""},"class_list":["post-228","page","type-page","status-publish","hentry"],"yoast_head":"<!-- This site is optimized with the Yoast SEO plugin v27.2 - https:\/\/yoast.com\/product\/yoast-seo-wordpress\/ -->\n<title>Pactos Sucesorios en Arag\u00f3n | Artigas Gracia<\/title>\n<meta name=\"description\" content=\"Abogados expertos en pactos sucesorios en Arag\u00f3n. Asesoramos en derecho foral aragon\u00e9s para planificar herencias en vida con seguridad jur\u00eddica y eficacia.\" \/>\n<meta name=\"robots\" content=\"index, follow, max-snippet:-1, max-image-preview:large, max-video-preview:-1\" \/>\n<link rel=\"canonical\" href=\"https:\/\/artigasgraciaabogados.com\/index.php\/pactos-sucesorios\/\" \/>\n<meta property=\"og:locale\" content=\"es_ES\" \/>\n<meta property=\"og:type\" content=\"article\" \/>\n<meta property=\"og:title\" content=\"Pactos Sucesorios en Arag\u00f3n | Artigas Gracia\" \/>\n<meta property=\"og:description\" content=\"Abogados expertos en pactos sucesorios en Arag\u00f3n. Asesoramos en derecho foral aragon\u00e9s para planificar herencias en vida con seguridad jur\u00eddica y eficacia.\" \/>\n<meta property=\"og:url\" content=\"https:\/\/artigasgraciaabogados.com\/index.php\/pactos-sucesorios\/\" \/>\n<meta property=\"article:modified_time\" content=\"2026-03-23T15:59:46+00:00\" \/>\n<meta property=\"og:image\" content=\"https:\/\/artigasgraciaabogados.com\/wp-content\/uploads\/2026\/02\/7e2070a0b04af3aa237b3c40a2d7e056-edited.jpg\" \/>\n\t<meta property=\"og:image:width\" content=\"736\" \/>\n\t<meta property=\"og:image:height\" content=\"414\" \/>\n\t<meta property=\"og:image:type\" content=\"image\/jpeg\" \/>\n<meta name=\"twitter:card\" content=\"summary_large_image\" \/>\n<meta name=\"twitter:label1\" content=\"Tiempo de lectura\" \/>\n\t<meta name=\"twitter:data1\" content=\"3 minutos\" \/>\n<script type=\"application\/ld+json\" class=\"yoast-schema-graph\">{\"@context\":\"https:\/\/schema.org\",\"@graph\":[{\"@type\":\"WebPage\",\"@id\":\"https:\/\/artigasgraciaabogados.com\/index.php\/pactos-sucesorios\/\",\"url\":\"https:\/\/artigasgraciaabogados.com\/index.php\/pactos-sucesorios\/\",\"name\":\"Pactos Sucesorios en Arag\u00f3n | Artigas Gracia\",\"isPartOf\":{\"@id\":\"https:\/\/artigasgraciaabogados.com\/#website\"},\"primaryImageOfPage\":{\"@id\":\"https:\/\/artigasgraciaabogados.com\/index.php\/pactos-sucesorios\/#primaryimage\"},\"image\":{\"@id\":\"https:\/\/artigasgraciaabogados.com\/index.php\/pactos-sucesorios\/#primaryimage\"},\"thumbnailUrl\":\"https:\/\/artigasgraciaabogados.com\/wp-content\/uploads\/2026\/02\/7e2070a0b04af3aa237b3c40a2d7e056-edited.jpg\",\"datePublished\":\"2026-02-12T12:09:39+00:00\",\"dateModified\":\"2026-03-23T15:59:46+00:00\",\"description\":\"Abogados expertos en pactos sucesorios en Arag\u00f3n. Asesoramos en derecho foral aragon\u00e9s para planificar herencias en vida con seguridad jur\u00eddica y eficacia.\",\"breadcrumb\":{\"@id\":\"https:\/\/artigasgraciaabogados.com\/index.php\/pactos-sucesorios\/#breadcrumb\"},\"inLanguage\":\"es\",\"potentialAction\":[{\"@type\":\"ReadAction\",\"target\":[\"https:\/\/artigasgraciaabogados.com\/index.php\/pactos-sucesorios\/\"]}]},{\"@type\":\"ImageObject\",\"inLanguage\":\"es\",\"@id\":\"https:\/\/artigasgraciaabogados.com\/index.php\/pactos-sucesorios\/#primaryimage\",\"url\":\"https:\/\/artigasgraciaabogados.com\/wp-content\/uploads\/2026\/02\/7e2070a0b04af3aa237b3c40a2d7e056-edited.jpg\",\"contentUrl\":\"https:\/\/artigasgraciaabogados.com\/wp-content\/uploads\/2026\/02\/7e2070a0b04af3aa237b3c40a2d7e056-edited.jpg\",\"width\":736,\"height\":414},{\"@type\":\"BreadcrumbList\",\"@id\":\"https:\/\/artigasgraciaabogados.com\/index.php\/pactos-sucesorios\/#breadcrumb\",\"itemListElement\":[{\"@type\":\"ListItem\",\"position\":1,\"name\":\"Portada\",\"item\":\"https:\/\/artigasgraciaabogados.com\/\"},{\"@type\":\"ListItem\",\"position\":2,\"name\":\"PACTOS SUCESORIOS\"}]},{\"@type\":\"WebSite\",\"@id\":\"https:\/\/artigasgraciaabogados.com\/#website\",\"url\":\"https:\/\/artigasgraciaabogados.com\/\",\"name\":\"\",\"description\":\"\",\"potentialAction\":[{\"@type\":\"SearchAction\",\"target\":{\"@type\":\"EntryPoint\",\"urlTemplate\":\"https:\/\/artigasgraciaabogados.com\/?s={search_term_string}\"},\"query-input\":{\"@type\":\"PropertyValueSpecification\",\"valueRequired\":true,\"valueName\":\"search_term_string\"}}],\"inLanguage\":\"es\"}]}<\/script>\n<!-- \/ Yoast SEO plugin. -->","yoast_head_json":{"title":"Pactos Sucesorios en Arag\u00f3n | Artigas Gracia","description":"Abogados expertos en pactos sucesorios en Arag\u00f3n. Asesoramos en derecho foral aragon\u00e9s para planificar herencias en vida con seguridad jur\u00eddica y eficacia.","robots":{"index":"index","follow":"follow","max-snippet":"max-snippet:-1","max-image-preview":"max-image-preview:large","max-video-preview":"max-video-preview:-1"},"canonical":"https:\/\/artigasgraciaabogados.com\/index.php\/pactos-sucesorios\/","og_locale":"es_ES","og_type":"article","og_title":"Pactos Sucesorios en Arag\u00f3n | Artigas Gracia","og_description":"Abogados expertos en pactos sucesorios en Arag\u00f3n. Asesoramos en derecho foral aragon\u00e9s para planificar herencias en vida con seguridad jur\u00eddica y eficacia.","og_url":"https:\/\/artigasgraciaabogados.com\/index.php\/pactos-sucesorios\/","article_modified_time":"2026-03-23T15:59:46+00:00","og_image":[{"width":736,"height":414,"url":"https:\/\/artigasgraciaabogados.com\/wp-content\/uploads\/2026\/02\/7e2070a0b04af3aa237b3c40a2d7e056-edited.jpg","type":"image\/jpeg"}],"twitter_card":"summary_large_image","twitter_misc":{"Tiempo de lectura":"3 minutos"},"schema":{"@context":"https:\/\/schema.org","@graph":[{"@type":"WebPage","@id":"https:\/\/artigasgraciaabogados.com\/index.php\/pactos-sucesorios\/","url":"https:\/\/artigasgraciaabogados.com\/index.php\/pactos-sucesorios\/","name":"Pactos Sucesorios en Arag\u00f3n | Artigas Gracia","isPartOf":{"@id":"https:\/\/artigasgraciaabogados.com\/#website"},"primaryImageOfPage":{"@id":"https:\/\/artigasgraciaabogados.com\/index.php\/pactos-sucesorios\/#primaryimage"},"image":{"@id":"https:\/\/artigasgraciaabogados.com\/index.php\/pactos-sucesorios\/#primaryimage"},"thumbnailUrl":"https:\/\/artigasgraciaabogados.com\/wp-content\/uploads\/2026\/02\/7e2070a0b04af3aa237b3c40a2d7e056-edited.jpg","datePublished":"2026-02-12T12:09:39+00:00","dateModified":"2026-03-23T15:59:46+00:00","description":"Abogados expertos en pactos sucesorios en Arag\u00f3n. Asesoramos en derecho foral aragon\u00e9s para planificar herencias en vida con seguridad jur\u00eddica y eficacia.","breadcrumb":{"@id":"https:\/\/artigasgraciaabogados.com\/index.php\/pactos-sucesorios\/#breadcrumb"},"inLanguage":"es","potentialAction":[{"@type":"ReadAction","target":["https:\/\/artigasgraciaabogados.com\/index.php\/pactos-sucesorios\/"]}]},{"@type":"ImageObject","inLanguage":"es","@id":"https:\/\/artigasgraciaabogados.com\/index.php\/pactos-sucesorios\/#primaryimage","url":"https:\/\/artigasgraciaabogados.com\/wp-content\/uploads\/2026\/02\/7e2070a0b04af3aa237b3c40a2d7e056-edited.jpg","contentUrl":"https:\/\/artigasgraciaabogados.com\/wp-content\/uploads\/2026\/02\/7e2070a0b04af3aa237b3c40a2d7e056-edited.jpg","width":736,"height":414},{"@type":"BreadcrumbList","@id":"https:\/\/artigasgraciaabogados.com\/index.php\/pactos-sucesorios\/#breadcrumb","itemListElement":[{"@type":"ListItem","position":1,"name":"Portada","item":"https:\/\/artigasgraciaabogados.com\/"},{"@type":"ListItem","position":2,"name":"PACTOS SUCESORIOS"}]},{"@type":"WebSite","@id":"https:\/\/artigasgraciaabogados.com\/#website","url":"https:\/\/artigasgraciaabogados.com\/","name":"","description":"","potentialAction":[{"@type":"SearchAction","target":{"@type":"EntryPoint","urlTemplate":"https:\/\/artigasgraciaabogados.com\/?s={search_term_string}"},"query-input":{"@type":"PropertyValueSpecification","valueRequired":true,"valueName":"search_term_string"}}],"inLanguage":"es"}]}},"_links":{"self":[{"href":"https:\/\/artigasgraciaabogados.com\/index.php\/wp-json\/wp\/v2\/pages\/228","targetHints":{"allow":["GET"]}}],"collection":[{"href":"https:\/\/artigasgraciaabogados.com\/index.php\/wp-json\/wp\/v2\/pages"}],"about":[{"href":"https:\/\/artigasgraciaabogados.com\/index.php\/wp-json\/wp\/v2\/types\/page"}],"author":[{"embeddable":true,"href":"https:\/\/artigasgraciaabogados.com\/index.php\/wp-json\/wp\/v2\/users\/1"}],"replies":[{"embeddable":true,"href":"https:\/\/artigasgraciaabogados.com\/index.php\/wp-json\/wp\/v2\/comments?post=228"}],"version-history":[{"count":3,"href":"https:\/\/artigasgraciaabogados.com\/index.php\/wp-json\/wp\/v2\/pages\/228\/revisions"}],"predecessor-version":[{"id":236,"href":"https:\/\/artigasgraciaabogados.com\/index.php\/wp-json\/wp\/v2\/pages\/228\/revisions\/236"}],"wp:attachment":[{"href":"https:\/\/artigasgraciaabogados.com\/index.php\/wp-json\/wp\/v2\/media?parent=228"}],"curies":[{"name":"wp","href":"https:\/\/api.w.org\/{rel}","templated":true}]}}