{"id":246,"date":"2026-02-17T12:12:44","date_gmt":"2026-02-17T12:12:44","guid":{"rendered":"https:\/\/artigasgraciaabogados.com\/?page_id=246"},"modified":"2026-02-17T12:12:48","modified_gmt":"2026-02-17T12:12:48","slug":"derecho-concursal","status":"publish","type":"page","link":"https:\/\/artigasgraciaabogados.com\/index.php\/derecho-concursal\/","title":{"rendered":"DERECHO CONCURSAL"},"content":{"rendered":"\n<div style=\"height:100px\" aria-hidden=\"true\" class=\"wp-block-spacer\"><\/div>\n\n\n<h2 style=\"font-style:normal;font-weight:400;\" class=\"has-text-align-right has-link-color wp-elements-c12ff6c84ccb89ac31842531f7e583ff wp-block-post-title has-text-color has-ast-global-color-3-color has-medium-font-size\"><a href=\"https:\/\/artigasgraciaabogados.com\/index.php\/derecho-concursal\/\" target=\"_self\" rel=\"https:\/\/artigasgraciaabogados.com\/index.php\/contacto\/\">DERECHO CONCURSAL<\/a><\/h2>\n\n\n<p><\/p>\n\n\n\n<div class=\"wp-block-cover\" style=\"min-height:344px;aspect-ratio:unset;\"><img loading=\"lazy\" decoding=\"async\" width=\"736\" height=\"1104\" class=\"wp-block-cover__image-background wp-image-247 size-full\" alt=\"\" src=\"https:\/\/artigasgraciaabogados.com\/wp-content\/uploads\/2026\/02\/55d8235fae8c7d60928a94cef11f130e.jpg\" data-object-fit=\"cover\" srcset=\"https:\/\/artigasgraciaabogados.com\/wp-content\/uploads\/2026\/02\/55d8235fae8c7d60928a94cef11f130e.jpg 736w, https:\/\/artigasgraciaabogados.com\/wp-content\/uploads\/2026\/02\/55d8235fae8c7d60928a94cef11f130e-200x300.jpg 200w, https:\/\/artigasgraciaabogados.com\/wp-content\/uploads\/2026\/02\/55d8235fae8c7d60928a94cef11f130e-683x1024.jpg 683w\" sizes=\"auto, (max-width: 736px) 100vw, 736px\" \/><span aria-hidden=\"true\" class=\"wp-block-cover__background has-background-dim\"><\/span><div class=\"wp-block-cover__inner-container is-layout-flow wp-block-cover-is-layout-flow\">\n<p class=\"has-text-align-center has-ast-global-color-4-color has-text-color has-link-color has-large-font-size wp-elements-04422f5651e02376c7b6508568609df3\"><strong>Soluciones legales para reestructurar, negociar y proteger tu empresa antes de que sea tarde.<\/strong><br><\/p>\n<\/div><\/div>\n\n\n\n<div style=\"height:72px\" aria-hidden=\"true\" class=\"wp-block-spacer\"><\/div>\n\n\n\n<p>En <strong>Artigas Gracia Abogados<\/strong> asesoramos a empresas, aut\u00f3nomos y socios en <strong>Derecho Mercantil y Societario<\/strong>, con un enfoque <strong>estrat\u00e9gico, claro y cercano<\/strong>. Trabajamos tanto en la <strong>prevenci\u00f3n<\/strong> (para evitar conflictos y riesgos) como en la <strong>resoluci\u00f3n<\/strong> (cuando ya existe un problema y hay que actuar con rapidez).<\/p>\n\n\n\n<div style=\"height:27px\" aria-hidden=\"true\" class=\"wp-block-spacer\"><\/div>\n\n\n\n<p class=\"has-ast-global-color-4-color has-ast-global-color-0-background-color has-text-color has-background has-link-color wp-elements-2e230e187da142d7b1ece9b3def4bba4\" style=\"border-top-left-radius:100px;border-top-right-radius:100px;border-bottom-left-radius:100px;border-bottom-right-radius:100px;margin-top:var(--wp--preset--spacing--70)\"><strong>\u00bfCU\u00c1NDO CONVIENE CONSULTAR?<\/strong><\/p>\n\n\n\n<ul class=\"wp-block-list\">\n<li>Falta de liquidez sostenida, impagos recurrentes o riesgo de embargo.<\/li>\n\n\n\n<li>Deuda acumulada con proveedores, bancos o administraciones.<\/li>\n\n\n\n<li>Necesidad de reestructurar actividad, costes o pasivo.<\/li>\n\n\n\n<li>Situaciones en las que se valora el concurso como v\u00eda ordenada para gestionar la insolvencia.<\/li>\n<\/ul>\n\n\n\n<div style=\"height:37px\" aria-hidden=\"true\" class=\"wp-block-spacer\"><\/div>\n\n\n\n<p class=\"has-text-align-center has-border-color has-ast-global-color-5-border-color has-ast-global-color-3-color has-ast-global-color-4-background-color has-text-color has-background has-link-color has-medium-font-size wp-elements-f2ca509d651279c15eacad0bbab011ec\" style=\"border-width:3px\">\u00bf<strong>D\u00d3NDE INTERVENIMOS?<\/strong><\/p>\n\n\n\n<p class=\"has-ast-global-color-5-background-color has-background\">&#8211; <strong>An\u00e1lisis de viabilidad e insolvencia:<\/strong> situaci\u00f3n real, riesgos y alternativas.<\/p>\n\n\n\n<p class=\"has-ast-global-color-5-background-color has-background\">&#8211; <strong>Definici\u00f3n de estrategia:<\/strong> negociaci\u00f3n, reestructuraci\u00f3n o preparaci\u00f3n del procedimiento.<\/p>\n\n\n\n<p class=\"has-ast-global-color-5-background-color has-background\">&#8211; <strong>Asistencia en procedimientos concursales (seg\u00fan el caso):<\/strong> documentaci\u00f3n, coordinaci\u00f3n y defensa de intereses.<\/p>\n\n\n\n<p class=\"has-ast-global-color-5-background-color has-background\">&#8211; <strong>Acompa\u00f1amiento en la comunicaci\u00f3n con acreedores<\/strong> y apoyo en la toma de decisiones.<\/p>\n\n\n\n<div style=\"height:38px\" aria-hidden=\"true\" class=\"wp-block-spacer\"><\/div>\n\n\n\n<p class=\"has-text-align-center has-border-color has-ast-global-color-0-border-color has-ast-global-color-4-background-color has-background\" style=\"border-top-left-radius:100px;border-top-right-radius:100px;border-bottom-left-radius:100px;border-bottom-right-radius:100px;margin-top:var(--wp--preset--spacing--70)\"><strong>\u00bfPOR QU\u00c9 CONTAR CON UN ABOGADO MERCANTIL?<\/strong><\/p>\n\n\n\n<div class=\"wp-block-cover wp-duotone-unset-1\" style=\"min-height:326px;aspect-ratio:unset;\"><img loading=\"lazy\" decoding=\"async\" width=\"1024\" height=\"374\" class=\"wp-block-cover__image-background wp-image-224\" alt=\"\" src=\"https:\/\/artigasgraciaabogados.com\/wp-content\/uploads\/2026\/02\/contacto-1024x374.jpg\" data-object-fit=\"cover\" srcset=\"https:\/\/artigasgraciaabogados.com\/wp-content\/uploads\/2026\/02\/contacto-1024x374.jpg 1024w, https:\/\/artigasgraciaabogados.com\/wp-content\/uploads\/2026\/02\/contacto-300x110.jpg 300w, https:\/\/artigasgraciaabogados.com\/wp-content\/uploads\/2026\/02\/contacto-768x281.jpg 768w, https:\/\/artigasgraciaabogados.com\/wp-content\/uploads\/2026\/02\/contacto.jpg 1078w\" sizes=\"auto, (max-width: 1024px) 100vw, 1024px\" \/><span aria-hidden=\"true\" class=\"wp-block-cover__background has-background-dim\"><\/span><div class=\"wp-block-cover__inner-container is-layout-flow wp-block-cover-is-layout-flow\">\n<p class=\"has-text-align-center has-ast-global-color-4-color has-text-color has-link-color has-medium-font-size wp-elements-45f24a27fa9b1202c1e996033790d1a1\"><strong>Porque en insolvencia el tiempo importa.<\/strong><br>Cuanto antes se analiza la situaci\u00f3n, m\u00e1s margen existe para ordenar la deuda, negociar y reducir riesgos.<\/p>\n\n\n\n<p class=\"has-text-align-center has-ast-global-color-4-color has-text-color has-link-color has-medium-font-size wp-elements-02554e2d3f77bbab74b758578a22efdb\"><strong>Porque el concurso no siempre significa cerrar.<\/strong><br>Bien planteado, puede ser una v\u00eda para buscar continuidad o, si no es viable, una salida ordenada que proteja tus intereses.<\/p>\n<\/div><\/div>\n\n\n\n<div style=\"height:100px\" aria-hidden=\"true\" class=\"wp-block-spacer\"><\/div>\n\n\n\n<div class=\"wp-block-buttons is-content-justification-center is-layout-flex wp-container-core-buttons-is-layout-adf4db63 wp-block-buttons-is-layout-flex\" style=\"padding-top:0;padding-bottom:0\">\n<div class=\"wp-block-button has-custom-width wp-block-button__width-25 is-style-outline is-style-outline--2\"><a class=\"wp-block-button__link has-custom-font-size wp-element-button\" style=\"font-size:16px\">Cu\u00e9ntanos tu caso<\/a><\/div>\n<\/div>\n","protected":false},"excerpt":{"rendered":"<p>En Artigas Gracia Abogados asesoramos a empresas, aut\u00f3nomos y socios en Derecho Mercantil y Societario, con un enfoque estrat\u00e9gico, claro [&hellip;]<\/p>\n","protected":false},"author":1,"featured_media":0,"parent":0,"menu_order":0,"comment_status":"closed","ping_status":"closed","template":"","meta":{"site-sidebar-layout":"default","site-content-layout":"","ast-site-content-layout":"default","site-content-style":"default","site-sidebar-style":"default","ast-global-header-display":"","ast-banner-title-visibility":"","ast-main-header-display":"","ast-hfb-above-header-display":"","ast-hfb-below-header-display":"","ast-hfb-mobile-header-display":"","site-post-title":"disabled","ast-breadcrumbs-content":"","ast-featured-img":"","footer-sml-layout":"","theme-transparent-header-meta":"","adv-header-id-meta":"","stick-header-meta":"","header-above-stick-meta":"","header-main-stick-meta":"","header-below-stick-meta":"","astra-migrate-meta-layouts":"default","ast-page-background-enabled":"default","ast-page-background-meta":{"desktop":{"background-color":"var(--ast-global-color-5)","background-image":"","background-repeat":"repeat","background-position":"center center","background-size":"auto","background-attachment":"scroll","background-type":"","background-media":"","overlay-type":"","overlay-color":"","overlay-opacity":"","overlay-gradient":""},"tablet":{"background-color":"","background-image":"","background-repeat":"repeat","background-position":"center center","background-size":"auto","background-attachment":"scroll","background-type":"","background-media":"","overlay-type":"","overlay-color":"","overlay-opacity":"","overlay-gradient":""},"mobile":{"background-color":"","background-image":"","background-repeat":"repeat","background-position":"center center","background-size":"auto","background-attachment":"scroll","background-type":"","background-media":"","overlay-type":"","overlay-color":"","overlay-opacity":"","overlay-gradient":""}},"ast-content-background-meta":{"desktop":{"background-color":"var(--ast-global-color-4)","background-image":"","background-repeat":"repeat","background-position":"center center","background-size":"auto","background-attachment":"scroll","background-type":"","background-media":"","overlay-type":"","overlay-color":"","overlay-opacity":"","overlay-gradient":""},"tablet":{"background-color":"var(--ast-global-color-4)","background-image":"","background-repeat":"repeat","background-position":"center center","background-size":"auto","background-attachment":"scroll","background-type":"","background-media":"","overlay-type":"","overlay-color":"","overlay-opacity":"","overlay-gradient":""},"mobile":{"background-color":"var(--ast-global-color-4)","background-image":"","background-repeat":"repeat","background-position":"center center","background-size":"auto","background-attachment":"scroll","background-type":"","background-media":"","overlay-type":"","overlay-color":"","overlay-opacity":"","overlay-gradient":""}},"footnotes":""},"class_list":["post-246","page","type-page","status-publish","hentry"],"yoast_head":"<!-- This site is optimized with the Yoast SEO plugin v27.2 - https:\/\/yoast.com\/product\/yoast-seo-wordpress\/ -->\n<title>DERECHO CONCURSAL -<\/title>\n<meta name=\"robots\" content=\"index, follow, max-snippet:-1, max-image-preview:large, max-video-preview:-1\" \/>\n<link rel=\"canonical\" href=\"https:\/\/artigasgraciaabogados.com\/index.php\/derecho-concursal\/\" \/>\n<meta property=\"og:locale\" content=\"es_ES\" \/>\n<meta property=\"og:type\" content=\"article\" \/>\n<meta property=\"og:title\" content=\"DERECHO CONCURSAL -\" \/>\n<meta property=\"og:description\" content=\"En Artigas Gracia Abogados asesoramos a empresas, aut\u00f3nomos y socios en Derecho Mercantil y Societario, con un enfoque estrat\u00e9gico, claro [&hellip;]\" \/>\n<meta property=\"og:url\" content=\"https:\/\/artigasgraciaabogados.com\/index.php\/derecho-concursal\/\" \/>\n<meta property=\"article:modified_time\" content=\"2026-02-17T12:12:48+00:00\" \/>\n<meta property=\"og:image\" content=\"https:\/\/artigasgraciaabogados.com\/wp-content\/uploads\/2026\/02\/55d8235fae8c7d60928a94cef11f130e.jpg\" \/>\n\t<meta property=\"og:image:width\" content=\"736\" \/>\n\t<meta property=\"og:image:height\" content=\"1104\" \/>\n\t<meta property=\"og:image:type\" content=\"image\/jpeg\" \/>\n<meta name=\"twitter:card\" content=\"summary_large_image\" \/>\n<meta name=\"twitter:label1\" content=\"Tiempo de lectura\" \/>\n\t<meta name=\"twitter:data1\" content=\"2 minutos\" \/>\n<script type=\"application\/ld+json\" class=\"yoast-schema-graph\">{\"@context\":\"https:\/\/schema.org\",\"@graph\":[{\"@type\":\"WebPage\",\"@id\":\"https:\/\/artigasgraciaabogados.com\/index.php\/derecho-concursal\/\",\"url\":\"https:\/\/artigasgraciaabogados.com\/index.php\/derecho-concursal\/\",\"name\":\"DERECHO CONCURSAL -\",\"isPartOf\":{\"@id\":\"https:\/\/artigasgraciaabogados.com\/#website\"},\"primaryImageOfPage\":{\"@id\":\"https:\/\/artigasgraciaabogados.com\/index.php\/derecho-concursal\/#primaryimage\"},\"image\":{\"@id\":\"https:\/\/artigasgraciaabogados.com\/index.php\/derecho-concursal\/#primaryimage\"},\"thumbnailUrl\":\"https:\/\/artigasgraciaabogados.com\/wp-content\/uploads\/2026\/02\/55d8235fae8c7d60928a94cef11f130e.jpg\",\"datePublished\":\"2026-02-17T12:12:44+00:00\",\"dateModified\":\"2026-02-17T12:12:48+00:00\",\"breadcrumb\":{\"@id\":\"https:\/\/artigasgraciaabogados.com\/index.php\/derecho-concursal\/#breadcrumb\"},\"inLanguage\":\"es\",\"potentialAction\":[{\"@type\":\"ReadAction\",\"target\":[\"https:\/\/artigasgraciaabogados.com\/index.php\/derecho-concursal\/\"]}]},{\"@type\":\"ImageObject\",\"inLanguage\":\"es\",\"@id\":\"https:\/\/artigasgraciaabogados.com\/index.php\/derecho-concursal\/#primaryimage\",\"url\":\"https:\/\/artigasgraciaabogados.com\/wp-content\/uploads\/2026\/02\/55d8235fae8c7d60928a94cef11f130e.jpg\",\"contentUrl\":\"https:\/\/artigasgraciaabogados.com\/wp-content\/uploads\/2026\/02\/55d8235fae8c7d60928a94cef11f130e.jpg\",\"width\":736,\"height\":1104},{\"@type\":\"BreadcrumbList\",\"@id\":\"https:\/\/artigasgraciaabogados.com\/index.php\/derecho-concursal\/#breadcrumb\",\"itemListElement\":[{\"@type\":\"ListItem\",\"position\":1,\"name\":\"Portada\",\"item\":\"https:\/\/artigasgraciaabogados.com\/\"},{\"@type\":\"ListItem\",\"position\":2,\"name\":\"DERECHO CONCURSAL\"}]},{\"@type\":\"WebSite\",\"@id\":\"https:\/\/artigasgraciaabogados.com\/#website\",\"url\":\"https:\/\/artigasgraciaabogados.com\/\",\"name\":\"\",\"description\":\"\",\"potentialAction\":[{\"@type\":\"SearchAction\",\"target\":{\"@type\":\"EntryPoint\",\"urlTemplate\":\"https:\/\/artigasgraciaabogados.com\/?s={search_term_string}\"},\"query-input\":{\"@type\":\"PropertyValueSpecification\",\"valueRequired\":true,\"valueName\":\"search_term_string\"}}],\"inLanguage\":\"es\"}]}<\/script>\n<!-- \/ Yoast SEO plugin. -->","yoast_head_json":{"title":"DERECHO CONCURSAL -","robots":{"index":"index","follow":"follow","max-snippet":"max-snippet:-1","max-image-preview":"max-image-preview:large","max-video-preview":"max-video-preview:-1"},"canonical":"https:\/\/artigasgraciaabogados.com\/index.php\/derecho-concursal\/","og_locale":"es_ES","og_type":"article","og_title":"DERECHO CONCURSAL -","og_description":"En Artigas Gracia Abogados asesoramos a empresas, aut\u00f3nomos y socios en Derecho Mercantil y Societario, con un enfoque estrat\u00e9gico, claro [&hellip;]","og_url":"https:\/\/artigasgraciaabogados.com\/index.php\/derecho-concursal\/","article_modified_time":"2026-02-17T12:12:48+00:00","og_image":[{"width":736,"height":1104,"url":"https:\/\/artigasgraciaabogados.com\/wp-content\/uploads\/2026\/02\/55d8235fae8c7d60928a94cef11f130e.jpg","type":"image\/jpeg"}],"twitter_card":"summary_large_image","twitter_misc":{"Tiempo de lectura":"2 minutos"},"schema":{"@context":"https:\/\/schema.org","@graph":[{"@type":"WebPage","@id":"https:\/\/artigasgraciaabogados.com\/index.php\/derecho-concursal\/","url":"https:\/\/artigasgraciaabogados.com\/index.php\/derecho-concursal\/","name":"DERECHO CONCURSAL -","isPartOf":{"@id":"https:\/\/artigasgraciaabogados.com\/#website"},"primaryImageOfPage":{"@id":"https:\/\/artigasgraciaabogados.com\/index.php\/derecho-concursal\/#primaryimage"},"image":{"@id":"https:\/\/artigasgraciaabogados.com\/index.php\/derecho-concursal\/#primaryimage"},"thumbnailUrl":"https:\/\/artigasgraciaabogados.com\/wp-content\/uploads\/2026\/02\/55d8235fae8c7d60928a94cef11f130e.jpg","datePublished":"2026-02-17T12:12:44+00:00","dateModified":"2026-02-17T12:12:48+00:00","breadcrumb":{"@id":"https:\/\/artigasgraciaabogados.com\/index.php\/derecho-concursal\/#breadcrumb"},"inLanguage":"es","potentialAction":[{"@type":"ReadAction","target":["https:\/\/artigasgraciaabogados.com\/index.php\/derecho-concursal\/"]}]},{"@type":"ImageObject","inLanguage":"es","@id":"https:\/\/artigasgraciaabogados.com\/index.php\/derecho-concursal\/#primaryimage","url":"https:\/\/artigasgraciaabogados.com\/wp-content\/uploads\/2026\/02\/55d8235fae8c7d60928a94cef11f130e.jpg","contentUrl":"https:\/\/artigasgraciaabogados.com\/wp-content\/uploads\/2026\/02\/55d8235fae8c7d60928a94cef11f130e.jpg","width":736,"height":1104},{"@type":"BreadcrumbList","@id":"https:\/\/artigasgraciaabogados.com\/index.php\/derecho-concursal\/#breadcrumb","itemListElement":[{"@type":"ListItem","position":1,"name":"Portada","item":"https:\/\/artigasgraciaabogados.com\/"},{"@type":"ListItem","position":2,"name":"DERECHO CONCURSAL"}]},{"@type":"WebSite","@id":"https:\/\/artigasgraciaabogados.com\/#website","url":"https:\/\/artigasgraciaabogados.com\/","name":"","description":"","potentialAction":[{"@type":"SearchAction","target":{"@type":"EntryPoint","urlTemplate":"https:\/\/artigasgraciaabogados.com\/?s={search_term_string}"},"query-input":{"@type":"PropertyValueSpecification","valueRequired":true,"valueName":"search_term_string"}}],"inLanguage":"es"}]}},"_links":{"self":[{"href":"https:\/\/artigasgraciaabogados.com\/index.php\/wp-json\/wp\/v2\/pages\/246","targetHints":{"allow":["GET"]}}],"collection":[{"href":"https:\/\/artigasgraciaabogados.com\/index.php\/wp-json\/wp\/v2\/pages"}],"about":[{"href":"https:\/\/artigasgraciaabogados.com\/index.php\/wp-json\/wp\/v2\/types\/page"}],"author":[{"embeddable":true,"href":"https:\/\/artigasgraciaabogados.com\/index.php\/wp-json\/wp\/v2\/users\/1"}],"replies":[{"embeddable":true,"href":"https:\/\/artigasgraciaabogados.com\/index.php\/wp-json\/wp\/v2\/comments?post=246"}],"version-history":[{"count":2,"href":"https:\/\/artigasgraciaabogados.com\/index.php\/wp-json\/wp\/v2\/pages\/246\/revisions"}],"predecessor-version":[{"id":340,"href":"https:\/\/artigasgraciaabogados.com\/index.php\/wp-json\/wp\/v2\/pages\/246\/revisions\/340"}],"wp:attachment":[{"href":"https:\/\/artigasgraciaabogados.com\/index.php\/wp-json\/wp\/v2\/media?parent=246"}],"curies":[{"name":"wp","href":"https:\/\/api.w.org\/{rel}","templated":true}]}}