{"id":38,"date":"2025-10-27T08:11:45","date_gmt":"2025-10-27T08:11:45","guid":{"rendered":"https:\/\/artigasgraciaabogados.com\/?page_id=38"},"modified":"2026-04-01T15:37:01","modified_gmt":"2026-04-01T15:37:01","slug":"inicio","status":"publish","type":"page","link":"https:\/\/artigasgraciaabogados.com\/","title":{"rendered":"Inicio"},"content":{"rendered":"\n<div class=\"wp-block-cover alignfull\"><img loading=\"lazy\" decoding=\"async\" width=\"736\" height=\"414\" class=\"wp-block-cover__image-background wp-image-59\" alt=\"\" src=\"https:\/\/artigasgraciaabogados.com\/wp-content\/uploads\/2025\/10\/imagen-fondo-edited.jpg\" data-object-fit=\"cover\" srcset=\"https:\/\/artigasgraciaabogados.com\/wp-content\/uploads\/2025\/10\/imagen-fondo-edited.jpg 736w, https:\/\/artigasgraciaabogados.com\/wp-content\/uploads\/2025\/10\/imagen-fondo-edited-300x169.jpg 300w\" sizes=\"auto, (max-width: 736px) 100vw, 736px\" \/><span aria-hidden=\"true\" class=\"wp-block-cover__background has-background-dim\"><\/span><div class=\"wp-block-cover__inner-container is-layout-flow wp-block-cover-is-layout-flow\">\n<p class=\"has-text-align-center has-large-font-size\"><strong><mark style=\"background-color:rgba(0, 0, 0, 0)\" class=\"has-inline-color has-ast-global-color-5-color\">Experiencia, confianza y compromiso.<\/mark><\/strong><\/p>\n<\/div><\/div>\n\n\n\n<div class=\"wp-block-group alignfull has-ast-global-color-4-background-color has-background is-layout-constrained wp-container-core-group-is-layout-9cedb757 wp-block-group-is-layout-constrained\" style=\"padding-bottom:0px\">\n<div class=\"wp-block-columns alignfull are-vertically-aligned-top is-layout-flex wp-container-core-columns-is-layout-00723822 wp-block-columns-is-layout-flex\">\n<div class=\"wp-block-column is-vertically-aligned-top is-layout-flow wp-container-core-column-is-layout-6b73ce23 wp-block-column-is-layout-flow\">\n<figure class=\"wp-block-image size-large is-resized is-style-default wp-duotone-unset-1\"><img loading=\"lazy\" decoding=\"async\" width=\"500\" height=\"500\" src=\"https:\/\/artigasgraciaabogados.com\/wp-content\/uploads\/2025\/10\/Diseno_sin_titulo__14_-removebg-preview-1-1.png\" alt=\"\" class=\"wp-image-67\" style=\"width:168px;height:auto\" srcset=\"https:\/\/artigasgraciaabogados.com\/wp-content\/uploads\/2025\/10\/Diseno_sin_titulo__14_-removebg-preview-1-1.png 500w, https:\/\/artigasgraciaabogados.com\/wp-content\/uploads\/2025\/10\/Diseno_sin_titulo__14_-removebg-preview-1-1-300x300.png 300w, https:\/\/artigasgraciaabogados.com\/wp-content\/uploads\/2025\/10\/Diseno_sin_titulo__14_-removebg-preview-1-1-150x150.png 150w\" sizes=\"auto, (max-width: 500px) 100vw, 500px\" \/><\/figure>\n\n\n\n<h3 class=\"wp-block-heading has-text-align-left\" style=\"margin-top:16px\">Derecho civil <\/h3>\n\n\n\n<p class=\"has-text-align-left\">Conflictos entre particulares, reclamaciones y contratos.<\/p>\n<\/div>\n\n\n\n<div class=\"wp-block-column is-vertically-aligned-top is-layout-flow wp-container-core-column-is-layout-6b73ce23 wp-block-column-is-layout-flow\">\n<figure class=\"wp-block-image size-full is-resized\"><img loading=\"lazy\" decoding=\"async\" width=\"500\" height=\"500\" src=\"https:\/\/artigasgraciaabogados.com\/wp-content\/uploads\/2025\/10\/Diseno_sin_titulo__15_-removebg-preview.png\" alt=\"\" class=\"wp-image-70\" style=\"width:167px;height:auto\" srcset=\"https:\/\/artigasgraciaabogados.com\/wp-content\/uploads\/2025\/10\/Diseno_sin_titulo__15_-removebg-preview.png 500w, https:\/\/artigasgraciaabogados.com\/wp-content\/uploads\/2025\/10\/Diseno_sin_titulo__15_-removebg-preview-300x300.png 300w, https:\/\/artigasgraciaabogados.com\/wp-content\/uploads\/2025\/10\/Diseno_sin_titulo__15_-removebg-preview-150x150.png 150w\" sizes=\"auto, (max-width: 500px) 100vw, 500px\" \/><\/figure>\n\n\n\n<h3 class=\"wp-block-heading has-text-align-left\" style=\"margin-top:16px\">Derecho mercantil<\/h3>\n\n\n\n<p class=\"has-text-align-left\">Asesoramiento jur\u00eddico a empresas y personas f\u00edsicas.<\/p>\n<\/div>\n\n\n\n<div class=\"wp-block-column is-vertically-aligned-top is-layout-flow wp-container-core-column-is-layout-6b73ce23 wp-block-column-is-layout-flow\">\n<figure class=\"wp-block-image size-full is-resized\"><img loading=\"lazy\" decoding=\"async\" width=\"500\" height=\"500\" src=\"https:\/\/artigasgraciaabogados.com\/wp-content\/uploads\/2025\/10\/Diseno_sin_titulo__16_-removebg-preview.png\" alt=\"\" class=\"wp-image-71\" style=\"width:166px;height:auto\" srcset=\"https:\/\/artigasgraciaabogados.com\/wp-content\/uploads\/2025\/10\/Diseno_sin_titulo__16_-removebg-preview.png 500w, https:\/\/artigasgraciaabogados.com\/wp-content\/uploads\/2025\/10\/Diseno_sin_titulo__16_-removebg-preview-300x300.png 300w, https:\/\/artigasgraciaabogados.com\/wp-content\/uploads\/2025\/10\/Diseno_sin_titulo__16_-removebg-preview-150x150.png 150w\" sizes=\"auto, (max-width: 500px) 100vw, 500px\" \/><\/figure>\n\n\n\n<h3 class=\"wp-block-heading has-text-align-left\" style=\"margin-top:16px\">Derecho sucesorio<\/h3>\n\n\n\n<p class=\"has-text-align-left\">Herencias, testamentos y planificaci\u00f3n familiar.<\/p>\n<\/div>\n\n\n\n<div class=\"wp-block-column is-vertically-aligned-top is-layout-flow wp-container-core-column-is-layout-6b73ce23 wp-block-column-is-layout-flow\">\n<figure class=\"wp-block-image size-full is-resized\"><img loading=\"lazy\" decoding=\"async\" width=\"500\" height=\"500\" src=\"https:\/\/artigasgraciaabogados.com\/wp-content\/uploads\/2025\/10\/Diseno_sin_titulo__17_-removebg-preview.png\" alt=\"\" class=\"wp-image-72\" style=\"width:166px;height:auto\" srcset=\"https:\/\/artigasgraciaabogados.com\/wp-content\/uploads\/2025\/10\/Diseno_sin_titulo__17_-removebg-preview.png 500w, https:\/\/artigasgraciaabogados.com\/wp-content\/uploads\/2025\/10\/Diseno_sin_titulo__17_-removebg-preview-300x300.png 300w, https:\/\/artigasgraciaabogados.com\/wp-content\/uploads\/2025\/10\/Diseno_sin_titulo__17_-removebg-preview-150x150.png 150w\" sizes=\"auto, (max-width: 500px) 100vw, 500px\" \/><\/figure>\n\n\n\n<h3 class=\"wp-block-heading has-text-align-left\" style=\"margin-top:16px\">Derecho concursal<\/h3>\n\n\n\n<p class=\"has-text-align-left\">Procesos de insolvencia, reestructuraci\u00f3n y Segunda Oportunidad.<\/p>\n<\/div>\n<\/div>\n<\/div>\n\n\n\n<div class=\"wp-block-group alignfull has-ast-global-color-4-background-color has-background is-layout-constrained wp-container-core-group-is-layout-94d206d0 wp-block-group-is-layout-constrained\" id=\"about\" style=\"padding-top:143px;padding-bottom:144px\">\n<div class=\"wp-block-media-text has-media-on-the-right is-stacked-on-mobile is-vertically-aligned-center\"><div class=\"wp-block-media-text__content\">\n<div class=\"inherit-container-width wp-block-group is-layout-constrained wp-container-core-group-is-layout-47ce07ec wp-block-group-is-layout-constrained\" style=\"padding-right:80px\">\n<h2 class=\"wp-block-heading has-large-font-size\" style=\"padding-right:40px\">Ayudamos a nuestros clientes.<\/h2>\n\n\n\n<p class=\"has-text-align-left\" style=\"font-size:18px\">Adem\u00e1s de ser profesionales en el campo del derecho, somos personas que entendemos los problemas de cada cliente y los acompa\u00f1amos hasta el final del proceso.<\/p>\n\n\n\n<p class=\"has-text-align-left\" style=\"font-size:18px\">Aplicamos la ley de manera rigurosa y nos comprometemos con cada casa para obtener el mejor resultado sin dejar de lado la empat\u00eda y cercan\u00eda.<\/p>\n<\/div>\n<\/div><figure class=\"wp-block-media-text__media\"><img loading=\"lazy\" decoding=\"async\" width=\"1024\" height=\"576\" src=\"https:\/\/artigasgraciaabogados.com\/wp-content\/uploads\/2025\/11\/fondo-final-3-1-1024x576.png\" alt=\"\" class=\"wp-image-94 size-full\" srcset=\"https:\/\/artigasgraciaabogados.com\/wp-content\/uploads\/2025\/11\/fondo-final-3-1-1024x576.png 1024w, https:\/\/artigasgraciaabogados.com\/wp-content\/uploads\/2025\/11\/fondo-final-3-1-300x169.png 300w, https:\/\/artigasgraciaabogados.com\/wp-content\/uploads\/2025\/11\/fondo-final-3-1-768x432.png 768w, https:\/\/artigasgraciaabogados.com\/wp-content\/uploads\/2025\/11\/fondo-final-3-1-1536x864.png 1536w, https:\/\/artigasgraciaabogados.com\/wp-content\/uploads\/2025\/11\/fondo-final-3-1.png 1920w\" sizes=\"auto, (max-width: 1024px) 100vw, 1024px\" \/><\/figure><\/div>\n<\/div>\n\n\n\n<div class=\"wp-block-cover alignfull wp-duotone-unset-2\" id=\"reviews\"><img loading=\"lazy\" decoding=\"async\" width=\"1024\" height=\"576\" class=\"wp-block-cover__image-background wp-image-91 size-large\" alt=\"\" src=\"https:\/\/artigasgraciaabogados.com\/wp-content\/uploads\/2025\/10\/fondo-final-2-1024x576.png\" data-object-fit=\"cover\" srcset=\"https:\/\/artigasgraciaabogados.com\/wp-content\/uploads\/2025\/10\/fondo-final-2-1024x576.png 1024w, https:\/\/artigasgraciaabogados.com\/wp-content\/uploads\/2025\/10\/fondo-final-2-300x169.png 300w, https:\/\/artigasgraciaabogados.com\/wp-content\/uploads\/2025\/10\/fondo-final-2-768x432.png 768w, https:\/\/artigasgraciaabogados.com\/wp-content\/uploads\/2025\/10\/fondo-final-2-1536x864.png 1536w, https:\/\/artigasgraciaabogados.com\/wp-content\/uploads\/2025\/10\/fondo-final-2.png 1920w\" sizes=\"auto, (max-width: 1024px) 100vw, 1024px\" \/><span aria-hidden=\"true\" class=\"wp-block-cover__background has-background-dim\" style=\"background-color:#56698f\"><\/span><div class=\"wp-block-cover__inner-container is-layout-flow wp-block-cover-is-layout-flow\">\n<div class=\"wp-block-group alignfull is-layout-constrained wp-container-core-group-is-layout-6a2cfb7b wp-block-group-is-layout-constrained\" id=\"reviews\">\n<figure class=\"wp-block-image aligncenter size-full is-resized is-style-rounded\"><img loading=\"lazy\" decoding=\"async\" width=\"1080\" height=\"1080\" src=\"https:\/\/artigasgraciaabogados.com\/wp-content\/uploads\/2025\/10\/Diseno-sin-titulo-18-2.png\" alt=\"\" class=\"wp-image-90\" style=\"width:96px;height:auto\" srcset=\"https:\/\/artigasgraciaabogados.com\/wp-content\/uploads\/2025\/10\/Diseno-sin-titulo-18-2.png 1080w, https:\/\/artigasgraciaabogados.com\/wp-content\/uploads\/2025\/10\/Diseno-sin-titulo-18-2-300x300.png 300w, https:\/\/artigasgraciaabogados.com\/wp-content\/uploads\/2025\/10\/Diseno-sin-titulo-18-2-1024x1024.png 1024w, https:\/\/artigasgraciaabogados.com\/wp-content\/uploads\/2025\/10\/Diseno-sin-titulo-18-2-150x150.png 150w, https:\/\/artigasgraciaabogados.com\/wp-content\/uploads\/2025\/10\/Diseno-sin-titulo-18-2-768x768.png 768w\" sizes=\"auto, (max-width: 1080px) 100vw, 1080px\" \/><\/figure>\n\n\n\n<p class=\"has-text-align-center\" style=\"font-size:22px;line-height:1.6\"><mark style=\"background-color:rgba(0, 0, 0, 0)\" class=\"has-inline-color has-ast-global-color-5-color\">Somos <strong>expertos en la Ley de la Segunda Oportunidad<\/strong>, una herramienta legal que permite a particulares y aut\u00f3nomos liberarse de sus deudas y recuperar la estabilidad econ\u00f3mica. Acompa\u00f1amos a cada cliente durante todo el proceso, ofreciendo un asesoramiento personalizado, transparente y eficaz. Nuestro objetivo es brindar una <strong>nueva oportunidad financiera<\/strong> a quienes atraviesan situaciones de endeudamiento, siempre con el rigor jur\u00eddico y la cercan\u00eda que caracterizan nuestro trabajo.<\/mark><\/p>\n\n\n\n<p class=\"has-text-align-center\"><strong><mark style=\"background-color:rgba(0, 0, 0, 0)\" class=\"has-inline-color has-ast-global-color-6-color\">Artigas Gracia Abogados<\/mark><\/strong><\/p>\n<\/div>\n<\/div><\/div>\n\n\n\n<div class=\"wp-block-group alignfull is-layout-constrained wp-container-core-group-is-layout-3fee123f wp-block-group-is-layout-constrained\" id=\"whyus\" style=\"padding-top:144px;padding-bottom:144px\">\n<h2 class=\"wp-block-heading\">Valores<\/h2>\n\n\n\n<div class=\"wp-block-columns is-layout-flex wp-container-core-columns-is-layout-29aadeec wp-block-columns-is-layout-flex\" style=\"margin-top:60px\">\n<div class=\"wp-block-column is-layout-flow wp-container-core-column-is-layout-6b73ce23 wp-block-column-is-layout-flow\">\n<h3 class=\"wp-block-heading\" style=\"margin-top:16px\">Compromiso<\/h3>\n\n\n\n<p>Nos implicamos en cada caso con rigor y dedicaci\u00f3n, ofreciendo soluciones jur\u00eddicas adaptadas a las necesidades reales de cada cliente.<\/p>\n<\/div>\n\n\n\n<div class=\"wp-block-column is-layout-flow wp-container-core-column-is-layout-6b73ce23 wp-block-column-is-layout-flow\">\n<h3 class=\"wp-block-heading\" style=\"margin-top:16px\">Confianza y cercan\u00eda<\/h3>\n\n\n\n<p>Construimos relaciones basadas en la transparencia y la comunicaci\u00f3n constante, acompa\u00f1ando al cliente en todo el proceso legal con trato humano y profesional.<\/p>\n<\/div>\n\n\n\n<div class=\"wp-block-column is-layout-flow wp-container-core-column-is-layout-6b73ce23 wp-block-column-is-layout-flow\">\n<h3 class=\"wp-block-heading\" style=\"margin-top:16px\">Experiencia<\/h3>\n\n\n\n<p>Contamos con una s\u00f3lida trayectoria en distintas \u00e1reas del Derecho, que nos permite ofrecer un asesoramiento eficaz y respaldado por a\u00f1os de pr\u00e1ctica profesional.<\/p>\n<\/div>\n<\/div>\n<\/div>\n\n\n\n<div class=\"wp-block-cover alignfull\" style=\"min-height:483px;aspect-ratio:unset;\" id=\"contact\"><img loading=\"lazy\" decoding=\"async\" width=\"1024\" height=\"576\" class=\"wp-block-cover__image-background wp-image-204 size-large\" alt=\"\" src=\"https:\/\/artigasgraciaabogados.com\/wp-content\/uploads\/2026\/01\/fondo-final-7-1024x576.png\" data-object-fit=\"cover\" srcset=\"https:\/\/artigasgraciaabogados.com\/wp-content\/uploads\/2026\/01\/fondo-final-7-1024x576.png 1024w, https:\/\/artigasgraciaabogados.com\/wp-content\/uploads\/2026\/01\/fondo-final-7-300x169.png 300w, https:\/\/artigasgraciaabogados.com\/wp-content\/uploads\/2026\/01\/fondo-final-7-768x432.png 768w, https:\/\/artigasgraciaabogados.com\/wp-content\/uploads\/2026\/01\/fondo-final-7-1536x864.png 1536w, https:\/\/artigasgraciaabogados.com\/wp-content\/uploads\/2026\/01\/fondo-final-7.png 1920w\" sizes=\"auto, (max-width: 1024px) 100vw, 1024px\" \/><span aria-hidden=\"true\" class=\"wp-block-cover__background has-ast-global-color-6-background-color has-background-dim-0 has-background-dim\"><\/span><div class=\"wp-block-cover__inner-container is-layout-flow wp-block-cover-is-layout-flow\">\n<div class=\"wp-block-group alignfull is-layout-constrained wp-container-core-group-is-layout-cfcca693 wp-block-group-is-layout-constrained\" id=\"contact\" style=\"padding-top:104px;padding-bottom:104px\">\n<h2 class=\"wp-block-heading has-text-align-center has-ast-global-color-4-color has-text-color\">\u00bfNecesitas asesoramiento legal?<\/h2>\n\n\n\n<div class=\"wp-block-buttons alignwide is-horizontal is-content-justification-center is-layout-flex wp-container-core-buttons-is-layout-bba8380a wp-block-buttons-is-layout-flex\" style=\"margin-top:50px\">\n<div class=\"wp-block-button\"><a class=\"wp-block-button__link has-ast-global-color-3-color has-ast-global-color-5-background-color has-text-color has-background has-link-color has-border-color has-ast-global-color-5-border-color has-medium-font-size has-custom-font-size wp-element-button\" style=\"border-width:8px\">Contacta con nosotros<\/a><\/div>\n<\/div>\n<\/div>\n<\/div><\/div>\n\n\n\n<p><\/p>\n","protected":false},"excerpt":{"rendered":"<p>Derecho civil Conflictos entre particulares, reclamaciones y contratos. Derecho mercantil Asesoramiento jur\u00eddico a empresas y personas f\u00edsicas. Derecho sucesorio Herencias, [&hellip;]<\/p>\n","protected":false},"author":1,"featured_media":0,"parent":0,"menu_order":0,"comment_status":"closed","ping_status":"closed","template":"","meta":{"site-sidebar-layout":"no-sidebar","site-content-layout":"plain-container","ast-site-content-layout":"default","site-content-style":"default","site-sidebar-style":"default","ast-global-header-display":"","ast-banner-title-visibility":"","ast-main-header-display":"","ast-hfb-above-header-display":"","ast-hfb-below-header-display":"","ast-hfb-mobile-header-display":"","site-post-title":"disabled","ast-breadcrumbs-content":"","ast-featured-img":"","footer-sml-layout":"","theme-transparent-header-meta":"enabled","adv-header-id-meta":"","stick-header-meta":"","header-above-stick-meta":"","header-main-stick-meta":"","header-below-stick-meta":"","astra-migrate-meta-layouts":"default","ast-page-background-enabled":"default","ast-page-background-meta":{"desktop":{"background-color":"var(--ast-global-color-5)","background-image":"","background-repeat":"repeat","background-position":"center center","background-size":"auto","background-attachment":"scroll","background-type":"","background-media":"","overlay-type":"","overlay-color":"","overlay-opacity":"","overlay-gradient":""},"tablet":{"background-color":"","background-image":"","background-repeat":"repeat","background-position":"center center","background-size":"auto","background-attachment":"scroll","background-type":"","background-media":"","overlay-type":"","overlay-color":"","overlay-opacity":"","overlay-gradient":""},"mobile":{"background-color":"","background-image":"","background-repeat":"repeat","background-position":"center center","background-size":"auto","background-attachment":"scroll","background-type":"","background-media":"","overlay-type":"","overlay-color":"","overlay-opacity":"","overlay-gradient":""}},"ast-content-background-meta":{"desktop":{"background-color":"var(--ast-global-color-4)","background-image":"","background-repeat":"repeat","background-position":"center center","background-size":"auto","background-attachment":"scroll","background-type":"","background-media":"","overlay-type":"","overlay-color":"","overlay-opacity":"","overlay-gradient":""},"tablet":{"background-color":"var(--ast-global-color-4)","background-image":"","background-repeat":"repeat","background-position":"center center","background-size":"auto","background-attachment":"scroll","background-type":"","background-media":"","overlay-type":"","overlay-color":"","overlay-opacity":"","overlay-gradient":""},"mobile":{"background-color":"var(--ast-global-color-4)","background-image":"","background-repeat":"repeat","background-position":"center center","background-size":"auto","background-attachment":"scroll","background-type":"","background-media":"","overlay-type":"","overlay-color":"","overlay-opacity":"","overlay-gradient":""}},"footnotes":""},"class_list":["post-38","page","type-page","status-publish","hentry"],"yoast_head":"<!-- This site is optimized with the Yoast SEO plugin v27.2 - https:\/\/yoast.com\/product\/yoast-seo-wordpress\/ -->\n<title>P\u00e1gina de contacto | Abogados en Zaragoza | Artigas Gracia<\/title>\n<meta name=\"description\" content=\"Abogados en Zaragoza y Arag\u00f3n especializados en derecho civil, mercantil y herencias. Derecho foral aragon\u00e9s y ley de segunda oportunidad.\" \/>\n<meta name=\"robots\" content=\"index, follow, max-snippet:-1, max-image-preview:large, max-video-preview:-1\" \/>\n<link rel=\"canonical\" href=\"https:\/\/artigasgraciaabogados.com\/\" \/>\n<meta property=\"og:locale\" content=\"es_ES\" \/>\n<meta property=\"og:type\" content=\"article\" \/>\n<meta property=\"og:title\" content=\"P\u00e1gina de contacto | Abogados en Zaragoza | Artigas Gracia\" \/>\n<meta property=\"og:description\" content=\"Abogados en Zaragoza y Arag\u00f3n especializados en derecho civil, mercantil y herencias. Derecho foral aragon\u00e9s y ley de segunda oportunidad.\" \/>\n<meta property=\"og:url\" content=\"https:\/\/artigasgraciaabogados.com\/\" \/>\n<meta property=\"article:modified_time\" content=\"2026-04-01T15:37:01+00:00\" \/>\n<meta property=\"og:image\" content=\"https:\/\/artigasgraciaabogados.com\/wp-content\/uploads\/2025\/10\/imagen-fondo-edited.jpg\" \/>\n\t<meta property=\"og:image:width\" content=\"736\" \/>\n\t<meta property=\"og:image:height\" content=\"414\" \/>\n\t<meta property=\"og:image:type\" content=\"image\/jpeg\" \/>\n<meta name=\"twitter:card\" content=\"summary_large_image\" \/>\n<meta name=\"twitter:label1\" content=\"Tiempo de lectura\" \/>\n\t<meta name=\"twitter:data1\" content=\"3 minutos\" \/>\n<script type=\"application\/ld+json\" class=\"yoast-schema-graph\">{\"@context\":\"https:\/\/schema.org\",\"@graph\":[{\"@type\":[\"WebPage\",\"ProfilePage\"],\"@id\":\"https:\/\/artigasgraciaabogados.com\/\",\"url\":\"https:\/\/artigasgraciaabogados.com\/\",\"name\":\"P\u00e1gina de contacto | Abogados en Zaragoza | Artigas Gracia\",\"isPartOf\":{\"@id\":\"https:\/\/artigasgraciaabogados.com\/#website\"},\"primaryImageOfPage\":{\"@id\":\"https:\/\/artigasgraciaabogados.com\/#primaryimage\"},\"image\":{\"@id\":\"https:\/\/artigasgraciaabogados.com\/#primaryimage\"},\"thumbnailUrl\":\"https:\/\/artigasgraciaabogados.com\/wp-content\/uploads\/2025\/10\/imagen-fondo-edited.jpg\",\"datePublished\":\"2025-10-27T08:11:45+00:00\",\"dateModified\":\"2026-04-01T15:37:01+00:00\",\"description\":\"Abogados en Zaragoza y Arag\u00f3n especializados en derecho civil, mercantil y herencias. Derecho foral aragon\u00e9s y ley de segunda oportunidad.\",\"breadcrumb\":{\"@id\":\"https:\/\/artigasgraciaabogados.com\/#breadcrumb\"},\"inLanguage\":\"es\",\"potentialAction\":[{\"@type\":\"ReadAction\",\"target\":[\"https:\/\/artigasgraciaabogados.com\/\"]}]},{\"@type\":\"ImageObject\",\"inLanguage\":\"es\",\"@id\":\"https:\/\/artigasgraciaabogados.com\/#primaryimage\",\"url\":\"https:\/\/artigasgraciaabogados.com\/wp-content\/uploads\/2025\/10\/imagen-fondo-edited.jpg\",\"contentUrl\":\"https:\/\/artigasgraciaabogados.com\/wp-content\/uploads\/2025\/10\/imagen-fondo-edited.jpg\",\"width\":736,\"height\":414},{\"@type\":\"BreadcrumbList\",\"@id\":\"https:\/\/artigasgraciaabogados.com\/#breadcrumb\",\"itemListElement\":[{\"@type\":\"ListItem\",\"position\":1,\"name\":\"Portada\",\"item\":\"https:\/\/artigasgraciaabogados.com\/\"},{\"@type\":\"ListItem\",\"position\":2,\"name\":\"Inicio\"}]},{\"@type\":\"WebSite\",\"@id\":\"https:\/\/artigasgraciaabogados.com\/#website\",\"url\":\"https:\/\/artigasgraciaabogados.com\/\",\"name\":\"\",\"description\":\"\",\"potentialAction\":[{\"@type\":\"SearchAction\",\"target\":{\"@type\":\"EntryPoint\",\"urlTemplate\":\"https:\/\/artigasgraciaabogados.com\/?s={search_term_string}\"},\"query-input\":{\"@type\":\"PropertyValueSpecification\",\"valueRequired\":true,\"valueName\":\"search_term_string\"}}],\"inLanguage\":\"es\"}]}<\/script>\n<!-- \/ Yoast SEO plugin. -->","yoast_head_json":{"title":"P\u00e1gina de contacto | Abogados en Zaragoza | Artigas Gracia","description":"Abogados en Zaragoza y Arag\u00f3n especializados en derecho civil, mercantil y herencias. Derecho foral aragon\u00e9s y ley de segunda oportunidad.","robots":{"index":"index","follow":"follow","max-snippet":"max-snippet:-1","max-image-preview":"max-image-preview:large","max-video-preview":"max-video-preview:-1"},"canonical":"https:\/\/artigasgraciaabogados.com\/","og_locale":"es_ES","og_type":"article","og_title":"P\u00e1gina de contacto | Abogados en Zaragoza | Artigas Gracia","og_description":"Abogados en Zaragoza y Arag\u00f3n especializados en derecho civil, mercantil y herencias. Derecho foral aragon\u00e9s y ley de segunda oportunidad.","og_url":"https:\/\/artigasgraciaabogados.com\/","article_modified_time":"2026-04-01T15:37:01+00:00","og_image":[{"width":736,"height":414,"url":"https:\/\/artigasgraciaabogados.com\/wp-content\/uploads\/2025\/10\/imagen-fondo-edited.jpg","type":"image\/jpeg"}],"twitter_card":"summary_large_image","twitter_misc":{"Tiempo de lectura":"3 minutos"},"schema":{"@context":"https:\/\/schema.org","@graph":[{"@type":["WebPage","ProfilePage"],"@id":"https:\/\/artigasgraciaabogados.com\/","url":"https:\/\/artigasgraciaabogados.com\/","name":"P\u00e1gina de contacto | Abogados en Zaragoza | Artigas Gracia","isPartOf":{"@id":"https:\/\/artigasgraciaabogados.com\/#website"},"primaryImageOfPage":{"@id":"https:\/\/artigasgraciaabogados.com\/#primaryimage"},"image":{"@id":"https:\/\/artigasgraciaabogados.com\/#primaryimage"},"thumbnailUrl":"https:\/\/artigasgraciaabogados.com\/wp-content\/uploads\/2025\/10\/imagen-fondo-edited.jpg","datePublished":"2025-10-27T08:11:45+00:00","dateModified":"2026-04-01T15:37:01+00:00","description":"Abogados en Zaragoza y Arag\u00f3n especializados en derecho civil, mercantil y herencias. Derecho foral aragon\u00e9s y ley de segunda oportunidad.","breadcrumb":{"@id":"https:\/\/artigasgraciaabogados.com\/#breadcrumb"},"inLanguage":"es","potentialAction":[{"@type":"ReadAction","target":["https:\/\/artigasgraciaabogados.com\/"]}]},{"@type":"ImageObject","inLanguage":"es","@id":"https:\/\/artigasgraciaabogados.com\/#primaryimage","url":"https:\/\/artigasgraciaabogados.com\/wp-content\/uploads\/2025\/10\/imagen-fondo-edited.jpg","contentUrl":"https:\/\/artigasgraciaabogados.com\/wp-content\/uploads\/2025\/10\/imagen-fondo-edited.jpg","width":736,"height":414},{"@type":"BreadcrumbList","@id":"https:\/\/artigasgraciaabogados.com\/#breadcrumb","itemListElement":[{"@type":"ListItem","position":1,"name":"Portada","item":"https:\/\/artigasgraciaabogados.com\/"},{"@type":"ListItem","position":2,"name":"Inicio"}]},{"@type":"WebSite","@id":"https:\/\/artigasgraciaabogados.com\/#website","url":"https:\/\/artigasgraciaabogados.com\/","name":"","description":"","potentialAction":[{"@type":"SearchAction","target":{"@type":"EntryPoint","urlTemplate":"https:\/\/artigasgraciaabogados.com\/?s={search_term_string}"},"query-input":{"@type":"PropertyValueSpecification","valueRequired":true,"valueName":"search_term_string"}}],"inLanguage":"es"}]}},"_links":{"self":[{"href":"https:\/\/artigasgraciaabogados.com\/index.php\/wp-json\/wp\/v2\/pages\/38","targetHints":{"allow":["GET"]}}],"collection":[{"href":"https:\/\/artigasgraciaabogados.com\/index.php\/wp-json\/wp\/v2\/pages"}],"about":[{"href":"https:\/\/artigasgraciaabogados.com\/index.php\/wp-json\/wp\/v2\/types\/page"}],"author":[{"embeddable":true,"href":"https:\/\/artigasgraciaabogados.com\/index.php\/wp-json\/wp\/v2\/users\/1"}],"replies":[{"embeddable":true,"href":"https:\/\/artigasgraciaabogados.com\/index.php\/wp-json\/wp\/v2\/comments?post=38"}],"version-history":[{"count":15,"href":"https:\/\/artigasgraciaabogados.com\/index.php\/wp-json\/wp\/v2\/pages\/38\/revisions"}],"predecessor-version":[{"id":341,"href":"https:\/\/artigasgraciaabogados.com\/index.php\/wp-json\/wp\/v2\/pages\/38\/revisions\/341"}],"wp:attachment":[{"href":"https:\/\/artigasgraciaabogados.com\/index.php\/wp-json\/wp\/v2\/media?parent=38"}],"curies":[{"name":"wp","href":"https:\/\/api.w.org\/{rel}","templated":true}]}}